{"id":99,"date":"2025-12-24T15:27:23","date_gmt":"2025-12-24T15:27:23","guid":{"rendered":"https:\/\/neosud-securite.fr\/?page_id=99"},"modified":"2026-02-20T23:07:28","modified_gmt":"2026-02-20T22:07:28","slug":"securite-incendie-et-assistance-a-personne-ssiap","status":"publish","type":"page","link":"https:\/\/neosud-securite.fr\/?page_id=99","title":{"rendered":"S\u00e9curit\u00e9 incendie et assistance \u00e0 personne (SSIAP)"},"content":{"rendered":"\n<div class=\"wp-block-cover alignfull\" style=\"margin-top:0;margin-bottom:0;padding-top:60px;padding-bottom:60px;min-height:360px;aspect-ratio:unset;\"><img loading=\"lazy\" decoding=\"async\" width=\"1024\" height=\"333\" class=\"wp-block-cover__image-background wp-image-1220 size-large\" alt=\"\" src=\"https:\/\/neosud-securite.fr\/wp-content\/uploads\/2026\/02\/Sans-titre-1024x333.png\" data-object-fit=\"cover\" srcset=\"https:\/\/neosud-securite.fr\/wp-content\/uploads\/2026\/02\/Sans-titre-1024x333.png 1024w, https:\/\/neosud-securite.fr\/wp-content\/uploads\/2026\/02\/Sans-titre-300x98.png 300w, https:\/\/neosud-securite.fr\/wp-content\/uploads\/2026\/02\/Sans-titre-768x250.png 768w, https:\/\/neosud-securite.fr\/wp-content\/uploads\/2026\/02\/Sans-titre-1536x500.png 1536w, https:\/\/neosud-securite.fr\/wp-content\/uploads\/2026\/02\/Sans-titre-2048x666.png 2048w\" sizes=\"auto, (max-width: 1024px) 100vw, 1024px\" \/><span aria-hidden=\"true\" class=\"wp-block-cover__background has-background-dim-0 has-background-dim\" style=\"background-color:#e9ceb0\"><\/span><div class=\"wp-block-cover__inner-container has-global-padding is-layout-constrained wp-container-core-cover-is-layout-c70e00cc wp-block-cover-is-layout-constrained\">\n<div style=\"height:150px\" aria-hidden=\"true\" class=\"wp-block-spacer\"><\/div>\n\n\n\n<h2 class=\"wp-block-heading has-text-align-center\" style=\"font-size:clamp(35.641px, 2.228rem + ((1vw - 3.2px) * 3.336), 65px);\">S\u00e9curit\u00e9 Incendie &amp; Assistance \u00e0 Personnes<\/h2>\n<\/div><\/div>\n\n\n\n<div class=\"wp-block-group alignfull has-global-padding is-layout-constrained wp-container-core-group-is-layout-4b8d646c wp-block-group-is-layout-constrained\" style=\"margin-top:0;margin-bottom:0;padding-top:60px;padding-right:40px;padding-bottom:0px;padding-left:40px\">\n<div class=\"wp-block-group is-vertical is-layout-flex wp-container-core-group-is-layout-fe9cc265 wp-block-group-is-layout-flex\">\n<p class=\"has-text-align-center animated zoomIn slow has-text-color has-montserrat-font-family\" style=\"color:#001211;font-size:clamp(14px, 0.875rem + ((1vw - 3.2px) * 0.114), 15px);font-style:normal;font-weight:100\">Pr\u00e9venir le risque, prot\u00e9ger les personnes et r\u00e9agir quand chaque seconde compte sont au c\u0153ur de la mission de la s\u00e9curit\u00e9 incendie. Celle-ci ne se limite pas \u00e0 l\u2019application de proc\u00e9dures, mais repose avant tout sur une vigilance constante, une capacit\u00e9 \u00e0 anticiper les risques et \u00e0 porter assistance aux personnes, parfois dans des situations sensibles ou stressantes.<\/p>\n\n\n\n<p class=\"has-text-align-center animated zoomIn slow has-text-color has-montserrat-font-family\" style=\"color:#001211;font-size:clamp(14px, 0.875rem + ((1vw - 3.2px) * 0.114), 15px);font-style:normal;font-weight:100\">Chez N\u00e9o Sud S\u00e9curit\u00e9, nos agents SSIAP assurent une s\u00e9curit\u00e9 discr\u00e8te mais essentielle, au service des occupants, du public et des exploitants de sites. Nos agents SSIAP sont titulaires des qualifications r\u00e9glementaires et interviennent principalement dans les \u00e9tablissements recevant du public, les sites tertiaires, commerciaux et \u00e9v\u00e9nementiels. Ils connaissent parfaitement leur environnement, les installations techniques et les consignes sp\u00e9cifiques de chaque site, avec pour mission de pr\u00e9venir les d\u00e9parts de feu, d\u2019assurer la s\u00e9curit\u00e9 des personnes et d\u2019agir efficacement en cas d\u2019incident.<\/p>\n<\/div>\n\n\n\n<div class=\"wp-block-group alignwide animated zoomIn slow has-text-color has-montserrat-font-family has-global-padding is-layout-constrained wp-container-core-group-is-layout-4383d167 wp-block-group-is-layout-constrained\" style=\"color:#3c3123;font-size:clamp(14px, 0.875rem + ((1vw - 3.2px) * 0.341), 17px);font-style:normal;font-weight:100\">\n<div class=\"wp-block-columns alignwide is-layout-flex wp-container-core-columns-is-layout-d19d3c0b wp-block-columns-is-layout-flex\" style=\"padding-top:40px;padding-right:20px;padding-bottom:40px;padding-left:20px\">\n<div class=\"wp-block-column is-layout-flow wp-container-core-column-is-layout-128d91dc wp-block-column-is-layout-flow\" style=\"padding-right:1rem;padding-bottom:2rem;padding-left:1rem\">\n<figure class=\"wp-block-image aligncenter size-full is-resized has-custom-border\"><img loading=\"lazy\" decoding=\"async\" width=\"800\" height=\"533\" src=\"https:\/\/neosud-securite.fr\/wp-content\/uploads\/2026\/02\/ssiap-ssi-edited.jpg\" alt=\"\" class=\"wp-image-1293\" style=\"border-top-left-radius:15px;border-top-right-radius:15px;border-bottom-left-radius:15px;border-bottom-right-radius:15px;box-shadow:12px 12px 50px rgba(0, 0, 0, 0.4);aspect-ratio:3\/2;object-fit:cover;width:380px\" srcset=\"https:\/\/neosud-securite.fr\/wp-content\/uploads\/2026\/02\/ssiap-ssi-edited.jpg 800w, https:\/\/neosud-securite.fr\/wp-content\/uploads\/2026\/02\/ssiap-ssi-edited-300x200.jpg 300w, https:\/\/neosud-securite.fr\/wp-content\/uploads\/2026\/02\/ssiap-ssi-edited-768x512.jpg 768w\" sizes=\"auto, (max-width: 800px) 100vw, 800px\" \/><\/figure>\n<\/div>\n\n\n\n<div class=\"wp-block-column is-layout-flow wp-container-core-column-is-layout-128d91dc wp-block-column-is-layout-flow\" style=\"padding-right:1rem;padding-bottom:2rem;padding-left:1rem\">\n<figure class=\"wp-block-image aligncenter size-full is-resized has-custom-border\"><img loading=\"lazy\" decoding=\"async\" width=\"800\" height=\"533\" src=\"https:\/\/neosud-securite.fr\/wp-content\/uploads\/2026\/02\/ssiap-controle-edited.jpg\" alt=\"\" class=\"wp-image-1292\" style=\"border-top-left-radius:17px;border-top-right-radius:17px;border-bottom-left-radius:17px;border-bottom-right-radius:17px;box-shadow:12px 12px 50px rgba(0, 0, 0, 0.4);aspect-ratio:3\/2;object-fit:cover;width:380px\" srcset=\"https:\/\/neosud-securite.fr\/wp-content\/uploads\/2026\/02\/ssiap-controle-edited.jpg 800w, https:\/\/neosud-securite.fr\/wp-content\/uploads\/2026\/02\/ssiap-controle-edited-300x200.jpg 300w, https:\/\/neosud-securite.fr\/wp-content\/uploads\/2026\/02\/ssiap-controle-edited-768x512.jpg 768w\" sizes=\"auto, (max-width: 800px) 100vw, 800px\" \/><\/figure>\n<\/div>\n<\/div>\n<\/div>\n\n\n\n<p class=\"has-text-align-center animated zoomIn slow has-text-color has-montserrat-font-family\" style=\"color:#001211;font-size:clamp(14px, 0.875rem + ((1vw - 3.2px) * 0.114), 15px);font-style:normal;font-weight:100\">Au quotidien, nos agents SSIAP assurent la surveillance des installations de s\u00e9curit\u00e9 incendie, effectuent des rondes de pr\u00e9vention et de contr\u00f4le, v\u00e9rifient les moyens de secours, appliquent les consignes incendie, g\u00e8rent les alarmes et les lev\u00e9es de doute, alertent et accueillent les secours et apportent une assistance imm\u00e9diate aux personnes en difficult\u00e9 ou en situation de malaise. <\/p>\n\n\n\n<p class=\"has-text-align-center animated zoomIn slow has-text-color has-montserrat-font-family\" style=\"color:#001211;font-size:clamp(14px, 0.875rem + ((1vw - 3.2px) * 0.114), 15px);font-style:normal;font-weight:100\">La dimension humaine est essentielle dans leur mission, car rassurer, guider, accompagner et prendre en charge une personne avant m\u00eame l\u2019arriv\u00e9e des secours fait pleinement partie de leur r\u00f4le sur le terrain.<\/p>\n\n\n\n<div class=\"wp-block-group alignfull has-background has-global-padding is-layout-constrained wp-container-core-group-is-layout-32b33b70 wp-block-group-is-layout-constrained\" style=\"background-color:#f5ece4db;padding-top:5.01rem;padding-right:var(--wp--preset--spacing--40);padding-bottom:1.8rem;padding-left:var(--wp--preset--spacing--40)\">\n<div class=\"wp-block-group has-global-padding is-layout-constrained wp-block-group-is-layout-constrained\">\n<figure class=\"wp-block-image size-large has-custom-border animated zoomIn slow\" style=\"color:#3c3123;font-size:clamp(14px, 0.875rem + ((1vw - 3.2px) * 0.341), 17px);font-style:normal;font-weight:100\"><img loading=\"lazy\" decoding=\"async\" width=\"1536\" height=\"864\" src=\"https:\/\/neosud-securite.fr\/wp-content\/uploads\/2026\/02\/ssiap-de-dos-1-edited.png\" alt=\"\" class=\"wp-image-1294\" style=\"border-top-left-radius:17px;border-top-right-radius:17px;border-bottom-left-radius:17px;border-bottom-right-radius:17px;box-shadow:12px 12px 50px rgba(0, 0, 0, 0.4);aspect-ratio:16\/9;object-fit:cover\" srcset=\"https:\/\/neosud-securite.fr\/wp-content\/uploads\/2026\/02\/ssiap-de-dos-1-edited.png 1536w, https:\/\/neosud-securite.fr\/wp-content\/uploads\/2026\/02\/ssiap-de-dos-1-edited-300x169.png 300w, https:\/\/neosud-securite.fr\/wp-content\/uploads\/2026\/02\/ssiap-de-dos-1-edited-1024x576.png 1024w, https:\/\/neosud-securite.fr\/wp-content\/uploads\/2026\/02\/ssiap-de-dos-1-edited-768x432.png 768w\" sizes=\"auto, (max-width: 1536px) 100vw, 1536px\" \/><\/figure>\n<\/div>\n\n\n\n<p class=\"has-text-align-center animated zoomIn slow has-text-color has-montserrat-font-family\" id=\"every-so-often-amid-the-routine-of-daily-life-love-presents-us-with-a-storybook-tale\" style=\"color:#001211;padding-right:20px;padding-left:20px;font-size:clamp(14px, 0.875rem + ((1vw - 3.2px) * 0.114), 15px);font-style:normal;font-weight:100\">Chaque \u00e9tablissement poss\u00e8de ses propres contraintes, son public et son niveau de risque. Avant toute mise en place, nous prenons le temps d\u2019analyser la typologie de l\u2019\u00e9tablissement, la fr\u00e9quentation, les zones sensibles et les obligations r\u00e9glementaires afin de proposer une organisation SSIAP coh\u00e9rente, conforme et adapt\u00e9e, sans dispositif excessif mais toujours efficace. <\/p>\n\n\n\n<p class=\"has-text-align-center animated zoomIn slow has-text-color has-montserrat-font-family\" id=\"every-so-often-amid-the-routine-of-daily-life-love-presents-us-with-a-storybook-tale\" style=\"color:#001211;padding-right:20px;padding-left:20px;font-size:clamp(14px, 0.875rem + ((1vw - 3.2px) * 0.114), 15px);font-style:normal;font-weight:100\">Nos agents SSIAP sont \u00e9galement un rep\u00e8re rassurant pour le public et les \u00e9quipes, capables de r\u00e9pondre, d\u2019orienter et d\u2019agir avec sang-froid. Chez N\u00e9o Sud S\u00e9curit\u00e9, nous privil\u00e9gions le s\u00e9rieux, la disponibilit\u00e9, la communication et la qualit\u00e9 humaine des interventions afin d\u2019offrir une pr\u00e9sence fiable et rassurante au quotidien.<\/p>\n<\/div>\n<\/div>\n","protected":false},"excerpt":{"rendered":"<p>Pr\u00e9venir le risque, prot\u00e9ger les personnes et r\u00e9agir quand chaque seconde compte sont au c\u0153ur de la mission de la s\u00e9curit\u00e9 incendie. Celle-ci ne se limite pas \u00e0 l\u2019application de proc\u00e9dures, mais repose avant tout sur une vigilance constante, une capacit\u00e9 \u00e0 anticiper les risques et \u00e0 porter assistance aux personnes, parfois dans des situations [&hellip;]<\/p>\n","protected":false},"author":1,"featured_media":0,"parent":0,"menu_order":0,"comment_status":"closed","ping_status":"closed","template":"","meta":{"_themeisle_gutenberg_block_has_review":false,"footnotes":""},"class_list":["post-99","page","type-page","status-publish","hentry"],"pbg_featured_image_src":{"full":false,"thumbnail":false,"medium":false,"medium_large":false,"large":false,"1536x1536":false,"2048x2048":false},"pbg_author_info":{"display_name":"Na\u00efs","author_link":"https:\/\/neosud-securite.fr\/?author=1","author_img":"<img alt='Na\u00efs' src='https:\/\/secure.gravatar.com\/avatar\/8301fb24955bd9385faff89fcac2872a4f49296e2933e12fdf7f85052f51cc1a?s=128&#038;d=mm&#038;r=g' srcset='https:\/\/secure.gravatar.com\/avatar\/8301fb24955bd9385faff89fcac2872a4f49296e2933e12fdf7f85052f51cc1a?s=256&#038;d=mm&#038;r=g 2x' class='avatar avatar-128 photo' height='128' width='128' loading='lazy' decoding='async'\/>"},"pbg_comment_info":" No Comments","pbg_excerpt":"Pr\u00e9venir le risque, prot\u00e9ger les personnes et r\u00e9agir quand chaque seconde compte sont au c\u0153ur de la mission de la s\u00e9curit\u00e9 incendie. Celle-ci ne se limite pas \u00e0 l\u2019application de proc\u00e9dures, mais repose avant tout sur une vigilance constante, une capacit\u00e9 \u00e0 anticiper les risques et \u00e0 porter assistance aux personnes, parfois dans des situations\u2026","_links":{"self":[{"href":"https:\/\/neosud-securite.fr\/index.php?rest_route=\/wp\/v2\/pages\/99","targetHints":{"allow":["GET"]}}],"collection":[{"href":"https:\/\/neosud-securite.fr\/index.php?rest_route=\/wp\/v2\/pages"}],"about":[{"href":"https:\/\/neosud-securite.fr\/index.php?rest_route=\/wp\/v2\/types\/page"}],"author":[{"embeddable":true,"href":"https:\/\/neosud-securite.fr\/index.php?rest_route=\/wp\/v2\/users\/1"}],"replies":[{"embeddable":true,"href":"https:\/\/neosud-securite.fr\/index.php?rest_route=%2Fwp%2Fv2%2Fcomments&post=99"}],"version-history":[{"count":34,"href":"https:\/\/neosud-securite.fr\/index.php?rest_route=\/wp\/v2\/pages\/99\/revisions"}],"predecessor-version":[{"id":1403,"href":"https:\/\/neosud-securite.fr\/index.php?rest_route=\/wp\/v2\/pages\/99\/revisions\/1403"}],"wp:attachment":[{"href":"https:\/\/neosud-securite.fr\/index.php?rest_route=%2Fwp%2Fv2%2Fmedia&parent=99"}],"curies":[{"name":"wp","href":"https:\/\/api.w.org\/{rel}","templated":true}]}}