{"id":95,"date":"2025-12-24T15:18:59","date_gmt":"2025-12-24T15:18:59","guid":{"rendered":"https:\/\/neosud-securite.fr\/?page_id=95"},"modified":"2026-02-20T23:12:42","modified_gmt":"2026-02-20T22:12:42","slug":"politique-de-confidentialite","status":"publish","type":"page","link":"https:\/\/neosud-securite.fr\/?page_id=95","title":{"rendered":"Politique de confidentialit\u00e9"},"content":{"rendered":"\n<div class=\"wp-block-cover alignfull\" style=\"padding-top:2%;min-height:30rem;aspect-ratio:unset;\"><img loading=\"lazy\" decoding=\"async\" width=\"1024\" height=\"724\" class=\"wp-block-cover__image-background wp-image-292 size-large\" alt=\"\" src=\"https:\/\/neosud-securite.fr\/wp-content\/uploads\/2026\/01\/fond-rouge-1-1024x724.png\" data-object-fit=\"cover\" srcset=\"https:\/\/neosud-securite.fr\/wp-content\/uploads\/2026\/01\/fond-rouge-1-1024x724.png 1024w, https:\/\/neosud-securite.fr\/wp-content\/uploads\/2026\/01\/fond-rouge-1-300x212.png 300w, https:\/\/neosud-securite.fr\/wp-content\/uploads\/2026\/01\/fond-rouge-1-768x543.png 768w, https:\/\/neosud-securite.fr\/wp-content\/uploads\/2026\/01\/fond-rouge-1-1536x1086.png 1536w, https:\/\/neosud-securite.fr\/wp-content\/uploads\/2026\/01\/fond-rouge-1-2048x1449.png 2048w\" sizes=\"auto, (max-width: 1024px) 100vw, 1024px\" \/><span aria-hidden=\"true\" class=\"wp-block-cover__background has-background-dim-0 has-background-dim\" style=\"background-color:#ad1818\"><\/span><div class=\"wp-block-cover__inner-container has-global-padding is-layout-constrained wp-container-core-cover-is-layout-ee51f2d2 wp-block-cover-is-layout-constrained\">\n<div class=\"wp-block-group alignwide is-vertical is-content-justification-center is-layout-flex wp-container-core-group-is-layout-5e763914 wp-block-group-is-layout-flex\" style=\"min-height:8rem\">\n<div class=\"wp-block-group has-global-padding is-layout-constrained wp-container-core-group-is-layout-bea02a06 wp-block-group-is-layout-constrained\">\n<h2 class=\"wp-block-heading has-text-align-center has-text-color has-tangerine-font-family\" style=\"color:#ffffff;margin-top:0rem;margin-bottom:1.01rem;font-size:clamp(2.071rem, 2.071rem + ((1vw - 0.2rem) * 2.98), 3.71rem);font-style:normal;font-weight:400;line-height:1;text-transform:capitalize\">\ud83d\udd12 Politique de confidentialit\u00e9<\/h2>\n<\/div>\n<\/div>\n<\/div><\/div>\n\n\n\n<p class=\"has-text-align-center has-montserrat-font-family\" style=\"font-size:clamp(14px, 0.875rem + ((1vw - 3.2px) * 0.114), 15px);\">La pr\u00e9sente politique de confidentialit\u00e9 a pour objectif d\u2019informer les utilisateurs du site <strong>neosud-securite.fr<\/strong> des modalit\u00e9s de collecte, d\u2019utilisation et de protection de leurs donn\u00e9es personnelles, conform\u00e9ment au R\u00e8glement G\u00e9n\u00e9ral sur la Protection des Donn\u00e9es (RGPD \u2013 UE 2016\/679).<\/p>\n\n\n\n<hr class=\"wp-block-separator has-alpha-channel-opacity\"\/>\n\n\n\n<h2 class=\"wp-block-heading has-text-align-center has-montserrat-font-family\" style=\"font-size:clamp(18.959px, 1.185rem + ((1vw - 3.2px) * 1.255), 30px);\">Responsable du traitement des donn\u00e9es<\/h2>\n\n\n\n<p class=\"has-text-align-center has-montserrat-font-family\" style=\"font-size:clamp(14px, 0.875rem + ((1vw - 3.2px) * 0.114), 15px);\">Le responsable du traitement des donn\u00e9es personnelles est :<\/p>\n\n\n\n<p class=\"has-text-align-center has-montserrat-font-family\" style=\"font-size:clamp(14px, 0.875rem + ((1vw - 3.2px) * 0.114), 15px);\"><strong>N\u00e9o Sud S\u00e9curit\u00e9<\/strong><br>Adresse : 4 all\u00e9e du Levant, 34970 Lattes<br>Email : <a>contact@neosud-securite.fr<\/a><\/p>\n\n\n\n<hr class=\"wp-block-separator has-alpha-channel-opacity\"\/>\n\n\n\n<h2 class=\"wp-block-heading has-text-align-center has-montserrat-font-family\" style=\"font-size:clamp(18.959px, 1.185rem + ((1vw - 3.2px) * 1.255), 30px);\">Donn\u00e9es personnelles collect\u00e9es<\/h2>\n\n\n\n<div class=\"wp-block-group has-montserrat-font-family has-global-padding is-layout-constrained wp-block-group-is-layout-constrained\">\n<div class=\"wp-block-group is-vertical is-layout-flex wp-container-core-group-is-layout-fe9cc265 wp-block-group-is-layout-flex\">\n<p class=\"has-text-align-center has-montserrat-font-family\" style=\"font-size:clamp(14px, 0.875rem + ((1vw - 3.2px) * 0.114), 15px);\">Dans le cadre de l\u2019utilisation du site, N\u00e9o Sud S\u00e9curit\u00e9 peut \u00eatre amen\u00e9e \u00e0 collecter les donn\u00e9es personnelles suivantes :<\/p>\n\n\n\n<ul style=\"font-size:clamp(14px, 0.875rem + ((1vw - 3.2px) * 0.114), 15px);\" class=\"wp-block-list has-montserrat-font-family\">\n<li>Nom et pr\u00e9nom<\/li>\n\n\n\n<li>Adresse email<\/li>\n\n\n\n<li>Num\u00e9ro de t\u00e9l\u00e9phone<\/li>\n\n\n\n<li>Informations transmises via les formulaires de contact ou de demande de devis<\/li>\n<\/ul>\n<\/div>\n\n\n\n<p class=\"has-text-align-center has-montserrat-font-family\" style=\"font-size:clamp(14px, 0.875rem + ((1vw - 3.2px) * 0.114), 15px);\">Ces donn\u00e9es sont collect\u00e9es uniquement lorsque l\u2019utilisateur les communique volontairement.<\/p>\n<\/div>\n\n\n\n<hr class=\"wp-block-separator has-alpha-channel-opacity\"\/>\n\n\n\n<div class=\"wp-block-group has-global-padding is-layout-constrained wp-block-group-is-layout-constrained\">\n<h2 class=\"wp-block-heading has-text-align-center\" style=\"font-size:clamp(18.959px, 1.185rem + ((1vw - 3.2px) * 1.255), 30px);\">Finalit\u00e9s de la collecte<\/h2>\n\n\n\n<p class=\"has-text-align-center has-montserrat-font-family\" style=\"font-size:clamp(14px, 0.875rem + ((1vw - 3.2px) * 0.114), 15px);\">Les donn\u00e9es personnelles collect\u00e9es ont pour finalit\u00e9 :<\/p>\n\n\n\n<ul style=\"font-size:clamp(14px, 0.875rem + ((1vw - 3.2px) * 0.114), 15px);\" class=\"wp-block-list has-montserrat-font-family\">\n<li class=\"has-montserrat-font-family\">Le traitement des demandes de contact et de devis<\/li>\n\n\n\n<li class=\"has-montserrat-font-family\">La gestion de la relation client<\/li>\n\n\n\n<li class=\"has-montserrat-font-family\">Le suivi des prestations de s\u00e9curit\u00e9<\/li>\n\n\n\n<li class=\"has-montserrat-font-family\">La r\u00e9ponse aux sollicitations des utilisateurs<\/li>\n<\/ul>\n\n\n\n<hr class=\"wp-block-separator has-alpha-channel-opacity\"\/>\n<\/div>\n\n\n\n<div class=\"wp-block-group has-global-padding is-layout-constrained wp-block-group-is-layout-constrained\">\n<div class=\"wp-block-group has-global-padding is-layout-constrained wp-block-group-is-layout-constrained\">\n<h2 class=\"wp-block-heading has-text-align-center has-montserrat-font-family\" style=\"font-size:clamp(18.959px, 1.185rem + ((1vw - 3.2px) * 1.255), 30px);\">Dur\u00e9e de conservation des donn\u00e9es<\/h2>\n\n\n\n<p class=\"has-text-align-center has-montserrat-font-family\" style=\"font-size:clamp(14px, 0.875rem + ((1vw - 3.2px) * 0.114), 15px);\">Les donn\u00e9es personnelles sont conserv\u00e9es pendant une dur\u00e9e strictement n\u00e9cessaire aux finalit\u00e9s pour lesquelles elles ont \u00e9t\u00e9 collect\u00e9es, et au maximum <strong>trois (3) ans<\/strong> \u00e0 compter du dernier contact avec l\u2019utilisateur, sauf obligation l\u00e9gale contraire.<\/p>\n<\/div>\n\n\n\n<hr class=\"wp-block-separator has-alpha-channel-opacity\"\/>\n\n\n\n<div class=\"wp-block-group has-global-padding is-layout-constrained wp-block-group-is-layout-constrained\">\n<h2 class=\"wp-block-heading has-text-align-center has-montserrat-font-family\" style=\"font-size:clamp(18.959px, 1.185rem + ((1vw - 3.2px) * 1.255), 30px);\">Partage des donn\u00e9es<\/h2>\n\n\n\n<p class=\"has-text-align-center has-montserrat-font-family\" style=\"font-size:clamp(14px, 0.875rem + ((1vw - 3.2px) * 0.114), 15px);\">Les donn\u00e9es personnelles collect\u00e9es sont strictement confidentielles.<br>Elles ne sont <strong>en aucun cas vendues, \u00e9chang\u00e9es ou c\u00e9d\u00e9es \u00e0 des tiers<\/strong>, sauf obligation l\u00e9gale ou n\u00e9cessit\u00e9 li\u00e9e \u00e0 l\u2019ex\u00e9cution de la prestation demand\u00e9e.<\/p>\n<\/div>\n<\/div>\n\n\n\n<hr class=\"wp-block-separator has-alpha-channel-opacity\"\/>\n\n\n\n<div class=\"wp-block-group has-global-padding is-layout-constrained wp-block-group-is-layout-constrained\">\n<h2 class=\"wp-block-heading has-text-align-center\" style=\"font-size:clamp(18.959px, 1.185rem + ((1vw - 3.2px) * 1.255), 30px);\">S\u00e9curit\u00e9 des donn\u00e9es<\/h2>\n\n\n\n<p class=\"has-text-align-center has-montserrat-font-family\" style=\"font-size:clamp(14px, 0.875rem + ((1vw - 3.2px) * 0.114), 15px);\">N\u00e9o Sud S\u00e9curit\u00e9 met en \u0153uvre toutes les mesures techniques et organisationnelles appropri\u00e9es afin d\u2019assurer la s\u00e9curit\u00e9, l\u2019int\u00e9grit\u00e9 et la confidentialit\u00e9 des donn\u00e9es personnelles et d\u2019emp\u00eacher tout acc\u00e8s non autoris\u00e9.<\/p>\n<\/div>\n\n\n\n<hr class=\"wp-block-separator has-alpha-channel-opacity\"\/>\n\n\n\n<div class=\"wp-block-group has-global-padding is-layout-constrained wp-block-group-is-layout-constrained\">\n<div class=\"wp-block-group has-global-padding is-layout-constrained wp-block-group-is-layout-constrained\">\n<h2 class=\"wp-block-heading has-text-align-center has-montserrat-font-family\" style=\"font-size:clamp(18.959px, 1.185rem + ((1vw - 3.2px) * 1.255), 30px);\">Droits des utilisateurs<\/h2>\n\n\n\n<p class=\"has-text-align-center has-montserrat-font-family\" style=\"font-size:clamp(14px, 0.875rem + ((1vw - 3.2px) * 0.114), 15px);\">Conform\u00e9ment \u00e0 la r\u00e9glementation en vigueur, chaque utilisateur dispose des droits suivants concernant ses donn\u00e9es personnelles :<\/p>\n\n\n\n<ul style=\"font-size:clamp(14px, 0.875rem + ((1vw - 3.2px) * 0.114), 15px);\" class=\"wp-block-list has-montserrat-font-family\">\n<li class=\"has-montserrat-font-family\">Droit d\u2019acc\u00e8s<\/li>\n\n\n\n<li class=\"has-montserrat-font-family\">Droit de rectification<\/li>\n\n\n\n<li class=\"has-montserrat-font-family\">Droit de suppression<\/li>\n\n\n\n<li class=\"has-montserrat-font-family\">Droit d\u2019opposition<\/li>\n\n\n\n<li class=\"has-montserrat-font-family\">Droit \u00e0 la limitation du traitement<\/li>\n<\/ul>\n<\/div>\n\n\n\n<div class=\"wp-block-group has-global-padding is-layout-constrained wp-block-group-is-layout-constrained\">\n<p class=\"has-text-align-center has-montserrat-font-family\" style=\"font-size:clamp(14px, 0.875rem + ((1vw - 3.2px) * 0.114), 15px);\">Pour exercer ces droits, l\u2019utilisateur peut adresser sa demande par email \u00e0 :<br><strong><a>contact@neosud-securite.fr<\/a><\/strong><\/p>\n\n\n\n<hr class=\"wp-block-separator has-alpha-channel-opacity\"\/>\n<\/div>\n<\/div>\n\n\n\n<div class=\"wp-block-group has-global-padding is-layout-constrained wp-block-group-is-layout-constrained\">\n<h2 class=\"wp-block-heading has-text-align-center\" style=\"font-size:clamp(18.959px, 1.185rem + ((1vw - 3.2px) * 1.255), 30px);\">Cookies<\/h2>\n\n\n\n<p class=\"has-text-align-center has-montserrat-font-family\" style=\"font-size:clamp(14px, 0.875rem + ((1vw - 3.2px) * 0.114), 15px);\">Le site peut utiliser des cookies afin d\u2019am\u00e9liorer l\u2019exp\u00e9rience utilisateur et de r\u00e9aliser des statistiques de fr\u00e9quentation.<br>L\u2019utilisateur peut configurer ou refuser les cookies via les param\u00e8tres de son navigateur internet.<\/p>\n\n\n\n<hr class=\"wp-block-separator has-alpha-channel-opacity\"\/>\n<\/div>\n\n\n\n<div class=\"wp-block-group has-global-padding is-layout-constrained wp-block-group-is-layout-constrained\">\n<h2 class=\"wp-block-heading has-text-align-center has-montserrat-font-family\" style=\"font-size:clamp(18.959px, 1.185rem + ((1vw - 3.2px) * 1.255), 30px);\">Modification de la politique de confidentialit\u00e9<\/h2>\n\n\n\n<p class=\"has-text-align-center has-montserrat-font-family\" style=\"font-size:clamp(14px, 0.875rem + ((1vw - 3.2px) * 0.114), 15px);\">La pr\u00e9sente politique de confidentialit\u00e9 peut \u00eatre modifi\u00e9e \u00e0 tout moment afin de rester conforme aux \u00e9volutions l\u00e9gales, r\u00e9glementaires ou techniques.<br>La version en vigueur est celle publi\u00e9e sur le site.<\/p>\n<\/div>\n\n\n\n<hr class=\"wp-block-separator has-alpha-channel-opacity\"\/>\n\n\n\n<p><\/p>\n","protected":false},"excerpt":{"rendered":"<p>La pr\u00e9sente politique de confidentialit\u00e9 a pour objectif d\u2019informer les utilisateurs du site neosud-securite.fr des modalit\u00e9s de collecte, d\u2019utilisation et de protection de leurs donn\u00e9es personnelles, conform\u00e9ment au R\u00e8glement G\u00e9n\u00e9ral sur la Protection des Donn\u00e9es (RGPD \u2013 UE 2016\/679). Responsable du traitement des donn\u00e9es Le responsable du traitement des donn\u00e9es personnelles est : N\u00e9o Sud [&hellip;]<\/p>\n","protected":false},"author":1,"featured_media":0,"parent":0,"menu_order":0,"comment_status":"closed","ping_status":"closed","template":"","meta":{"_themeisle_gutenberg_block_has_review":false,"footnotes":""},"class_list":["post-95","page","type-page","status-publish","hentry"],"pbg_featured_image_src":{"full":false,"thumbnail":false,"medium":false,"medium_large":false,"large":false,"1536x1536":false,"2048x2048":false},"pbg_author_info":{"display_name":"Na\u00efs","author_link":"https:\/\/neosud-securite.fr\/?author=1","author_img":"<img alt='Na\u00efs' src='https:\/\/secure.gravatar.com\/avatar\/8301fb24955bd9385faff89fcac2872a4f49296e2933e12fdf7f85052f51cc1a?s=128&#038;d=mm&#038;r=g' srcset='https:\/\/secure.gravatar.com\/avatar\/8301fb24955bd9385faff89fcac2872a4f49296e2933e12fdf7f85052f51cc1a?s=256&#038;d=mm&#038;r=g 2x' class='avatar avatar-128 photo' height='128' width='128' loading='lazy' decoding='async'\/>"},"pbg_comment_info":" No Comments","pbg_excerpt":"La pr\u00e9sente politique de confidentialit\u00e9 a pour objectif d\u2019informer les utilisateurs du site neosud-securite.fr des modalit\u00e9s de collecte, d\u2019utilisation et de protection de leurs donn\u00e9es personnelles, conform\u00e9ment au R\u00e8glement G\u00e9n\u00e9ral sur la Protection des Donn\u00e9es (RGPD \u2013 UE 2016\/679). Responsable du traitement des donn\u00e9es Le responsable du traitement des donn\u00e9es personnelles est : N\u00e9o Sud\u2026","_links":{"self":[{"href":"https:\/\/neosud-securite.fr\/index.php?rest_route=\/wp\/v2\/pages\/95","targetHints":{"allow":["GET"]}}],"collection":[{"href":"https:\/\/neosud-securite.fr\/index.php?rest_route=\/wp\/v2\/pages"}],"about":[{"href":"https:\/\/neosud-securite.fr\/index.php?rest_route=\/wp\/v2\/types\/page"}],"author":[{"embeddable":true,"href":"https:\/\/neosud-securite.fr\/index.php?rest_route=\/wp\/v2\/users\/1"}],"replies":[{"embeddable":true,"href":"https:\/\/neosud-securite.fr\/index.php?rest_route=%2Fwp%2Fv2%2Fcomments&post=95"}],"version-history":[{"count":5,"href":"https:\/\/neosud-securite.fr\/index.php?rest_route=\/wp\/v2\/pages\/95\/revisions"}],"predecessor-version":[{"id":1405,"href":"https:\/\/neosud-securite.fr\/index.php?rest_route=\/wp\/v2\/pages\/95\/revisions\/1405"}],"wp:attachment":[{"href":"https:\/\/neosud-securite.fr\/index.php?rest_route=%2Fwp%2Fv2%2Fmedia&parent=95"}],"curies":[{"name":"wp","href":"https:\/\/api.w.org\/{rel}","templated":true}]}}