{"id":94,"date":"2025-12-24T15:18:07","date_gmt":"2025-12-24T15:18:07","guid":{"rendered":"https:\/\/neosud-securite.fr\/?page_id=94"},"modified":"2026-02-20T23:13:59","modified_gmt":"2026-02-20T22:13:59","slug":"mentions-legales","status":"publish","type":"page","link":"https:\/\/neosud-securite.fr\/?page_id=94","title":{"rendered":"Mentions l\u00e9gales"},"content":{"rendered":"\n<div class=\"wp-block-cover alignfull\" style=\"padding-top:2%;min-height:30rem;aspect-ratio:unset;\"><img loading=\"lazy\" decoding=\"async\" width=\"1024\" height=\"724\" class=\"wp-block-cover__image-background wp-image-290 size-large\" alt=\"\" src=\"https:\/\/neosud-securite.fr\/wp-content\/uploads\/2026\/01\/fond-rouge-1024x724.png\" data-object-fit=\"cover\" srcset=\"https:\/\/neosud-securite.fr\/wp-content\/uploads\/2026\/01\/fond-rouge-1024x724.png 1024w, https:\/\/neosud-securite.fr\/wp-content\/uploads\/2026\/01\/fond-rouge-300x212.png 300w, https:\/\/neosud-securite.fr\/wp-content\/uploads\/2026\/01\/fond-rouge-768x543.png 768w, https:\/\/neosud-securite.fr\/wp-content\/uploads\/2026\/01\/fond-rouge-1536x1086.png 1536w, https:\/\/neosud-securite.fr\/wp-content\/uploads\/2026\/01\/fond-rouge-2048x1449.png 2048w\" sizes=\"auto, (max-width: 1024px) 100vw, 1024px\" \/><span aria-hidden=\"true\" class=\"wp-block-cover__background has-background-dim-0 has-background-dim\" style=\"background-color:#ad1818\"><\/span><div class=\"wp-block-cover__inner-container has-global-padding is-layout-constrained wp-container-core-cover-is-layout-ee51f2d2 wp-block-cover-is-layout-constrained\">\n<div class=\"wp-block-group alignwide is-vertical is-content-justification-center is-layout-flex wp-container-core-group-is-layout-5e763914 wp-block-group-is-layout-flex\" style=\"min-height:8rem\">\n<div class=\"wp-block-group has-global-padding is-layout-constrained wp-container-core-group-is-layout-bea02a06 wp-block-group-is-layout-constrained\">\n<h2 class=\"wp-block-heading has-text-align-center has-text-color\" style=\"color:#ffffff;margin-top:0rem;margin-bottom:1.01rem;font-size:clamp(2.071rem, 2.071rem + ((1vw - 0.2rem) * 2.98), 3.71rem);font-style:normal;font-weight:400;line-height:1;text-transform:capitalize\">\ud83d\udcc4<strong>Mentions l\u00e9gales<\/strong><\/h2>\n<\/div>\n<\/div>\n<\/div><\/div>\n\n\n\n<section class=\"wp-block-group alignfull has-text-color has-global-padding is-layout-constrained wp-container-core-group-is-layout-4252d6ba wp-block-group-is-layout-constrained\" style=\"color:#03081e;margin-top:0px;padding-top:6.51rem;padding-right:1rem;padding-bottom:5.5rem;padding-left:1rem;font-size:clamp(0.875rem, 0.875rem + ((1vw - 0.2rem) * 0.464), 1.13rem);font-style:normal;font-weight:400;line-height:1.4\">\n<div class=\"wp-block-columns is-layout-flex wp-container-core-columns-is-layout-db2df21c wp-block-columns-is-layout-flex\" style=\"margin-bottom:0px\">\n<div class=\"wp-block-column is-layout-flow wp-block-column-is-layout-flow\">\n<div class=\"wp-block-group is-vertical is-content-justification-center is-layout-flex wp-container-core-group-is-layout-2c7a849c wp-block-group-is-layout-flex\" style=\"min-height:100%\">\n<div class=\"wp-block-group has-global-padding is-content-justification-center is-layout-constrained wp-container-core-group-is-layout-b15c80d6 wp-block-group-is-layout-constrained\">\n<p class=\"has-text-align-center has-montserrat-font-family\" style=\"font-size:clamp(14px, 0.875rem + ((1vw - 3.2px) * 0.114), 15px);\"><strong>\u00c9diteur du site<\/strong><br>N\u00e9o Sud S\u00e9curit\u00e9<br>SARL au capital de <strong>15 000 \u20ac<\/strong><br>Si\u00e8ge social : <strong>4 all\u00e9e du Levant, 34970 Lattes<\/strong><br>SIRET : <strong>844 977 330 00035<\/strong><br>RCS <strong>Montpellier 844 977 330<\/strong><br>Code APE : <strong>8010Z<\/strong><br>T\u00e9l\u00e9phone : <strong>04 23 16 00 99<\/strong><br>E-mail : <strong>contact@neosud-securite.fr<\/strong><\/p>\n\n\n\n<p class=\"has-text-align-center has-montserrat-font-family\" style=\"font-size:clamp(14px, 0.875rem + ((1vw - 3.2px) * 0.114), 15px);\"><strong>Responsable de la publication<\/strong><br><strong>Kacem Maatoug<\/strong>, g\u00e9rant de la soci\u00e9t\u00e9 N\u00e9o Sud S\u00e9curit\u00e9<\/p>\n\n\n\n<p class=\"has-text-align-center has-montserrat-font-family\" style=\"font-size:clamp(14px, 0.875rem + ((1vw - 3.2px) * 0.114), 15px);\"><strong>H\u00e9bergeur<\/strong><br><strong>OVHcloud<\/strong><br>2 rue Kellermann<br>59100 Roubaix \u2013 France<br>T\u00e9l\u00e9phone : 1007<br>Site : www.ovhcloud.com<\/p>\n\n\n\n<p class=\"has-text-align-center has-montserrat-font-family\" style=\"font-size:clamp(14px, 0.875rem + ((1vw - 3.2px) * 0.114), 15px);\"><strong>Activit\u00e9 r\u00e9glement\u00e9e \u2013 S\u00e9curit\u00e9 priv\u00e9e<\/strong><br>L\u2019autorisation d\u2019exercer ne conf\u00e8re aucune pr\u00e9rogative de puissance publique \u00e0 l\u2019entreprise ou aux personnes qui en b\u00e9n\u00e9ficient.<br><em>(Article L612-14 du Code de la s\u00e9curit\u00e9 int\u00e9rieure)<\/em><\/p>\n\n\n\n<p class=\"has-text-align-center has-montserrat-font-family\" style=\"font-size:clamp(14px, 0.875rem + ((1vw - 3.2px) * 0.114), 15px);\">Entreprise titulaire d\u2019une autorisation administrative d\u2019exercer d\u00e9livr\u00e9e par le CNAPS :<br><strong>AUT-034-2119-11-23-20200738870<\/strong><\/p>\n\n\n\n<p class=\"has-text-align-center has-montserrat-font-family\" style=\"font-size:clamp(14px, 0.875rem + ((1vw - 3.2px) * 0.114), 15px);\"><strong>Donn\u00e9es personnelles<\/strong><br>Les informations susceptibles d\u2019\u00eatre collect\u00e9es sur ce site, notamment via le formulaire de contact, sont destin\u00e9es exclusivement au traitement des demandes des utilisateurs.<br>N\u00e9o Sud S\u00e9curit\u00e9 s\u2019engage \u00e0 ne pas c\u00e9der ni transmettre ces donn\u00e9es \u00e0 des tiers.<\/p>\n\n\n\n<p class=\"has-text-align-center has-montserrat-font-family\" style=\"font-size:clamp(14px, 0.875rem + ((1vw - 3.2px) * 0.114), 15px);\">Conform\u00e9ment au R\u00e8glement G\u00e9n\u00e9ral sur la Protection des Donn\u00e9es (RGPD), vous disposez d\u2019un droit d\u2019acc\u00e8s, de rectification et de suppression des donn\u00e9es vous concernant.<br>Toute demande peut \u00eatre adress\u00e9e \u00e0 l\u2019adresse suivante : <strong>contact@neosud-securite.fr<\/strong>.<\/p>\n\n\n\n<p class=\"has-text-align-center has-montserrat-font-family\" style=\"font-size:clamp(14px, 0.875rem + ((1vw - 3.2px) * 0.114), 15px);\"><strong>Cookies<\/strong><br>Le site peut utiliser des cookies strictement n\u00e9cessaires \u00e0 son bon fonctionnement.<br>Aucun cookie publicitaire n\u2019est utilis\u00e9.<br>Vous pouvez configurer votre navigateur afin de refuser ou supprimer les cookies.<\/p>\n\n\n\n<p class=\"has-text-align-center has-montserrat-font-family\" style=\"font-size:clamp(14px, 0.875rem + ((1vw - 3.2px) * 0.114), 15px);\"><strong>Propri\u00e9t\u00e9 intellectuelle<\/strong><br>L\u2019ensemble des contenus pr\u00e9sents sur ce site (textes, images, logos, \u00e9l\u00e9ments graphiques) est la propri\u00e9t\u00e9 exclusive de N\u00e9o Sud S\u00e9curit\u00e9, sauf mentions contraires.<br>Toute reproduction, repr\u00e9sentation ou utilisation, m\u00eame partielle, sans autorisation pr\u00e9alable est interdite.<\/p>\n<\/div>\n<\/div>\n<\/div>\n<\/div>\n<\/section>\n","protected":false},"excerpt":{"rendered":"<p>\u00c9diteur du siteN\u00e9o Sud S\u00e9curit\u00e9SARL au capital de 15 000 \u20acSi\u00e8ge social : 4 all\u00e9e du Levant, 34970 LattesSIRET : 844 977 330 00035RCS Montpellier 844 977 330Code APE : 8010ZT\u00e9l\u00e9phone : 04 23 16 00 99E-mail : contact@neosud-securite.fr Responsable de la publicationKacem Maatoug, g\u00e9rant de la soci\u00e9t\u00e9 N\u00e9o Sud S\u00e9curit\u00e9 H\u00e9bergeurOVHcloud2 rue Kellermann59100 Roubaix [&hellip;]<\/p>\n","protected":false},"author":1,"featured_media":0,"parent":0,"menu_order":0,"comment_status":"closed","ping_status":"closed","template":"","meta":{"_themeisle_gutenberg_block_has_review":false,"footnotes":""},"class_list":["post-94","page","type-page","status-publish","hentry"],"pbg_featured_image_src":{"full":false,"thumbnail":false,"medium":false,"medium_large":false,"large":false,"1536x1536":false,"2048x2048":false},"pbg_author_info":{"display_name":"Na\u00efs","author_link":"https:\/\/neosud-securite.fr\/?author=1","author_img":"<img alt='Na\u00efs' src='https:\/\/secure.gravatar.com\/avatar\/8301fb24955bd9385faff89fcac2872a4f49296e2933e12fdf7f85052f51cc1a?s=128&#038;d=mm&#038;r=g' srcset='https:\/\/secure.gravatar.com\/avatar\/8301fb24955bd9385faff89fcac2872a4f49296e2933e12fdf7f85052f51cc1a?s=256&#038;d=mm&#038;r=g 2x' class='avatar avatar-128 photo' height='128' width='128' loading='lazy' decoding='async'\/>"},"pbg_comment_info":" No Comments","pbg_excerpt":"\u00c9diteur du siteN\u00e9o Sud S\u00e9curit\u00e9SARL au capital de 15 000 \u20acSi\u00e8ge social : 4 all\u00e9e du Levant, 34970 LattesSIRET : 844 977 330 00035RCS Montpellier 844 977 330Code APE : 8010ZT\u00e9l\u00e9phone : 04 23 16 00 99E-mail : contact@neosud-securite.fr Responsable de la publicationKacem Maatoug, g\u00e9rant de la soci\u00e9t\u00e9 N\u00e9o Sud S\u00e9curit\u00e9 H\u00e9bergeurOVHcloud2 rue Kellermann59100 Roubaix\u2026","_links":{"self":[{"href":"https:\/\/neosud-securite.fr\/index.php?rest_route=\/wp\/v2\/pages\/94","targetHints":{"allow":["GET"]}}],"collection":[{"href":"https:\/\/neosud-securite.fr\/index.php?rest_route=\/wp\/v2\/pages"}],"about":[{"href":"https:\/\/neosud-securite.fr\/index.php?rest_route=\/wp\/v2\/types\/page"}],"author":[{"embeddable":true,"href":"https:\/\/neosud-securite.fr\/index.php?rest_route=\/wp\/v2\/users\/1"}],"replies":[{"embeddable":true,"href":"https:\/\/neosud-securite.fr\/index.php?rest_route=%2Fwp%2Fv2%2Fcomments&post=94"}],"version-history":[{"count":6,"href":"https:\/\/neosud-securite.fr\/index.php?rest_route=\/wp\/v2\/pages\/94\/revisions"}],"predecessor-version":[{"id":1406,"href":"https:\/\/neosud-securite.fr\/index.php?rest_route=\/wp\/v2\/pages\/94\/revisions\/1406"}],"wp:attachment":[{"href":"https:\/\/neosud-securite.fr\/index.php?rest_route=%2Fwp%2Fv2%2Fmedia&parent=94"}],"curies":[{"name":"wp","href":"https:\/\/api.w.org\/{rel}","templated":true}]}}