{"id":66,"date":"2025-12-24T10:49:51","date_gmt":"2025-12-24T10:49:51","guid":{"rendered":"https:\/\/neosud-securite.fr\/?page_id=66"},"modified":"2026-02-20T22:53:37","modified_gmt":"2026-02-20T21:53:37","slug":"nous-rejoindre","status":"publish","type":"page","link":"https:\/\/neosud-securite.fr\/?page_id=66","title":{"rendered":"Nous rejoindre"},"content":{"rendered":"\n<div class=\"wp-block-cover alignfull is-light\" style=\"margin-top:0;margin-bottom:0;padding-top:60px;padding-bottom:60px;min-height:360px;aspect-ratio:unset;\"><img loading=\"lazy\" decoding=\"async\" width=\"1024\" height=\"728\" class=\"wp-block-cover__image-background wp-image-674 size-large\" alt=\"\" src=\"http:\/\/neosud-securite.fr\/wp-content\/uploads\/2026\/01\/Sans-titre-3-1024x728.png\" data-object-fit=\"cover\" srcset=\"https:\/\/neosud-securite.fr\/wp-content\/uploads\/2026\/01\/Sans-titre-3-1024x728.png 1024w, https:\/\/neosud-securite.fr\/wp-content\/uploads\/2026\/01\/Sans-titre-3-300x213.png 300w, https:\/\/neosud-securite.fr\/wp-content\/uploads\/2026\/01\/Sans-titre-3-768x546.png 768w, https:\/\/neosud-securite.fr\/wp-content\/uploads\/2026\/01\/Sans-titre-3-1536x1092.png 1536w, https:\/\/neosud-securite.fr\/wp-content\/uploads\/2026\/01\/Sans-titre-3-2048x1456.png 2048w\" sizes=\"auto, (max-width: 1024px) 100vw, 1024px\" \/><span aria-hidden=\"true\" class=\"wp-block-cover__background has-background-dim-0 has-background-dim\" style=\"background-color:#e9ceb0\"><\/span><div class=\"wp-block-cover__inner-container has-global-padding is-layout-constrained wp-container-core-cover-is-layout-c70e00cc wp-block-cover-is-layout-constrained\">\n<div style=\"height:150px\" aria-hidden=\"true\" class=\"wp-block-spacer\"><\/div>\n\n\n\n<h2 class=\"wp-block-heading has-text-align-center\" style=\"font-size:clamp(35.641px, 2.228rem + ((1vw - 3.2px) * 3.336), 65px);\">Nous rejoindre<\/h2>\n<\/div><\/div>\n\n\n\n<div class=\"wp-block-cover alignfull is-light\" style=\"margin-top:0;margin-bottom:0\"><img loading=\"lazy\" decoding=\"async\" width=\"1024\" height=\"728\" class=\"wp-block-cover__image-background wp-image-674 size-large\" alt=\"\" src=\"http:\/\/neosud-securite.fr\/wp-content\/uploads\/2026\/01\/Sans-titre-3-1024x728.png\" data-object-fit=\"cover\" srcset=\"https:\/\/neosud-securite.fr\/wp-content\/uploads\/2026\/01\/Sans-titre-3-1024x728.png 1024w, https:\/\/neosud-securite.fr\/wp-content\/uploads\/2026\/01\/Sans-titre-3-300x213.png 300w, https:\/\/neosud-securite.fr\/wp-content\/uploads\/2026\/01\/Sans-titre-3-768x546.png 768w, https:\/\/neosud-securite.fr\/wp-content\/uploads\/2026\/01\/Sans-titre-3-1536x1092.png 1536w, https:\/\/neosud-securite.fr\/wp-content\/uploads\/2026\/01\/Sans-titre-3-2048x1456.png 2048w\" sizes=\"auto, (max-width: 1024px) 100vw, 1024px\" \/><span aria-hidden=\"true\" class=\"wp-block-cover__background has-background-dim\" style=\"background-color:#e6d4c2\"><\/span><div class=\"wp-block-cover__inner-container has-global-padding is-layout-constrained wp-container-core-cover-is-layout-19c400f2 wp-block-cover-is-layout-constrained\">\n<div class=\"forminator-guttenberg\"><div class=\"forminator-ui forminator-custom-form forminator-custom-form-1400 forminator-design--default  forminator_ajax\" data-forminator-render=\"0\" data-form=\"forminator-module-1400\" data-uid=\"69dbc3e2801fc\"><br\/><\/div><form\n\t\t\t\tid=\"forminator-module-1400\"\n\t\t\t\tclass=\"forminator-ui forminator-custom-form forminator-custom-form-1400 forminator-design--default  forminator_ajax\"\n\t\t\t\tmethod=\"post\"\n\t\t\t\tdata-forminator-render=\"0\"\n\t\t\t\tdata-form-id=\"1400\"\n\t\t\t\tenctype=\"multipart\/form-data\" data-color-option=\"theme\" data-design=\"default\" data-grid=\"open\" style=\"display: none;\"\n\t\t\t\tdata-uid=\"69dbc3e2801fc\"\n\t\t\t><div role=\"alert\" aria-live=\"polite\" class=\"forminator-response-message forminator-error\" aria-hidden=\"true\"><\/div><div class=\"forminator-row\"><div id=\"name-1\" class=\"forminator-field-name forminator-col forminator-col-12 \"><div class=\"forminator-field\"><label for=\"forminator-field-name-1_69dbc3e2801fc\" id=\"forminator-field-name-1_69dbc3e2801fc-label\" class=\"forminator-label\">Nom et Pr\u00e9nom <span class=\"forminator-required\">*<\/span><\/label><input type=\"text\" name=\"name-1\" value=\"\" placeholder=\"\" id=\"forminator-field-name-1_69dbc3e2801fc\" class=\"forminator-input forminator-name--field\" aria-required=\"true\" autocomplete=\"name\" \/><\/div><\/div><\/div><div class=\"forminator-row\"><div id=\"email-1\" class=\"forminator-field-email forminator-col forminator-col-12 \"><div class=\"forminator-field\"><label for=\"forminator-field-email-1_69dbc3e2801fc\" id=\"forminator-field-email-1_69dbc3e2801fc-label\" class=\"forminator-label\">Adresse mail <span class=\"forminator-required\">*<\/span><\/label><input type=\"email\" name=\"email-1\" value=\"\" placeholder=\"\" id=\"forminator-field-email-1_69dbc3e2801fc\" class=\"forminator-input forminator-email--field\" data-required=\"true\" aria-required=\"true\" autocomplete=\"email\" \/><\/div><\/div><\/div><div class=\"forminator-row\"><div id=\"phone-1\" class=\"forminator-field-phone forminator-col forminator-col-12 \"><div class=\"forminator-field\"><label for=\"forminator-field-phone-1_69dbc3e2801fc\" id=\"forminator-field-phone-1_69dbc3e2801fc-label\" class=\"forminator-label\">Num\u00e9ro de t\u00e9l\u00e9phone <span class=\"forminator-required\">*<\/span><\/label><input type=\"text\" name=\"phone-1\" value=\"\" placeholder=\"\" id=\"forminator-field-phone-1_69dbc3e2801fc\" class=\"forminator-input forminator-field--phone\" data-required=\"1\" aria-required=\"true\" autocomplete=\"off\" \/><\/div><\/div><\/div><div class=\"forminator-row\"><div id=\"checkbox-1\" class=\"forminator-field-checkbox forminator-col forminator-col-12 \"><div role=\"group\" class=\"forminator-field required\" aria-labelledby=\"forminator-checkbox-group-forminator-field-checkbox-1-69dbc3e2801fc-label\"><span id=\"forminator-checkbox-group-forminator-field-checkbox-1-69dbc3e2801fc-label\" class=\"forminator-label\">Qualifications <span class=\"forminator-required\">*<\/span><\/span><label id=\"forminator-field-checkbox-1-1-69dbc3e2801fc-label\" for=\"forminator-field-checkbox-1-1-69dbc3e2801fc\" class=\"forminator-checkbox\" title=\"Agent de pr\u00e9vention et de s\u00e9curit\u00e9\"><input type=\"checkbox\" name=\"checkbox-1[]\" value=\"one\" id=\"forminator-field-checkbox-1-1-69dbc3e2801fc\" aria-labelledby=\"forminator-field-checkbox-1-1-69dbc3e2801fc-label\" data-calculation=\"0\"   data-hidden-behavior=\"zero\"\/><span class=\"forminator-checkbox-box\" aria-hidden=\"true\"><\/span><span class=\"forminator-checkbox-label\">Agent de pr\u00e9vention et de s\u00e9curit\u00e9<\/span><\/label><label id=\"forminator-field-checkbox-1-2-69dbc3e2801fc-label\" for=\"forminator-field-checkbox-1-2-69dbc3e2801fc\" class=\"forminator-checkbox\" title=\"SST\"><input type=\"checkbox\" name=\"checkbox-1[]\" value=\"two\" id=\"forminator-field-checkbox-1-2-69dbc3e2801fc\" aria-labelledby=\"forminator-field-checkbox-1-2-69dbc3e2801fc-label\" data-calculation=\"0\"   data-hidden-behavior=\"zero\"\/><span class=\"forminator-checkbox-box\" aria-hidden=\"true\"><\/span><span class=\"forminator-checkbox-label\">SST<\/span><\/label><label id=\"forminator-field-checkbox-1-3-69dbc3e2801fc-label\" for=\"forminator-field-checkbox-1-3-69dbc3e2801fc\" class=\"forminator-checkbox\" title=\"SSIAP 1\"><input type=\"checkbox\" name=\"checkbox-1[]\" value=\"SSIAP-1\" id=\"forminator-field-checkbox-1-3-69dbc3e2801fc\" aria-labelledby=\"forminator-field-checkbox-1-3-69dbc3e2801fc-label\" data-calculation=\"0\"   data-hidden-behavior=\"zero\"\/><span class=\"forminator-checkbox-box\" aria-hidden=\"true\"><\/span><span class=\"forminator-checkbox-label\">SSIAP 1<\/span><\/label><label id=\"forminator-field-checkbox-1-4-69dbc3e2801fc-label\" for=\"forminator-field-checkbox-1-4-69dbc3e2801fc\" class=\"forminator-checkbox\" title=\"SSIAP 2\"><input type=\"checkbox\" name=\"checkbox-1[]\" value=\"SSIAP-2\" id=\"forminator-field-checkbox-1-4-69dbc3e2801fc\" aria-labelledby=\"forminator-field-checkbox-1-4-69dbc3e2801fc-label\" data-calculation=\"0\"   data-hidden-behavior=\"zero\"\/><span class=\"forminator-checkbox-box\" aria-hidden=\"true\"><\/span><span class=\"forminator-checkbox-label\">SSIAP 2<\/span><\/label><label id=\"forminator-field-checkbox-1-5-69dbc3e2801fc-label\" for=\"forminator-field-checkbox-1-5-69dbc3e2801fc\" class=\"forminator-checkbox\" title=\"SSIAP 3\"><input type=\"checkbox\" name=\"checkbox-1[]\" value=\"SSIAP-3\" id=\"forminator-field-checkbox-1-5-69dbc3e2801fc\" aria-labelledby=\"forminator-field-checkbox-1-5-69dbc3e2801fc-label\" data-calculation=\"0\"   data-hidden-behavior=\"zero\"\/><span class=\"forminator-checkbox-box\" aria-hidden=\"true\"><\/span><span class=\"forminator-checkbox-label\">SSIAP 3<\/span><\/label><label id=\"forminator-field-checkbox-1-6-69dbc3e2801fc-label\" for=\"forminator-field-checkbox-1-6-69dbc3e2801fc\" class=\"forminator-checkbox\" title=\"H0B0\"><input type=\"checkbox\" name=\"checkbox-1[]\" value=\"H0B0\" id=\"forminator-field-checkbox-1-6-69dbc3e2801fc\" aria-labelledby=\"forminator-field-checkbox-1-6-69dbc3e2801fc-label\" data-calculation=\"0\"   data-hidden-behavior=\"zero\"\/><span class=\"forminator-checkbox-box\" aria-hidden=\"true\"><\/span><span class=\"forminator-checkbox-label\">H0B0<\/span><\/label><label id=\"forminator-field-checkbox-1-7-69dbc3e2801fc-label\" for=\"forminator-field-checkbox-1-7-69dbc3e2801fc\" class=\"forminator-checkbox\" title=\"Autres (\u00e0 pr\u00e9ciser)\"><input type=\"checkbox\" name=\"checkbox-1[]\" value=\"custom_option\" id=\"forminator-field-checkbox-1-7-69dbc3e2801fc\" aria-labelledby=\"forminator-field-checkbox-1-7-69dbc3e2801fc-label\" data-calculation=\"0\"   data-hidden-behavior=\"zero\"\/><span class=\"forminator-checkbox-box\" aria-hidden=\"true\"><\/span><span class=\"forminator-checkbox-label\">Autres (\u00e0 pr\u00e9ciser)<\/span><\/label><div class=\"forminator-field forminator-custom-input\"><input id=\"custom-forminator-field-checkbox-1-7-69dbc3e2801fc\" name=\"custom-checkbox-1\" aria-labelledby=\"forminator-field-checkbox-1-7-69dbc3e2801fc-label\" class=\"forminator-input\" value=\"\" \/><\/div><\/div><\/div><\/div><div class=\"forminator-row\"><div id=\"textarea-1\" class=\"forminator-field-textarea forminator-col forminator-col-12 \"><div class=\"forminator-field\"><label for=\"forminator-field-textarea-1_69dbc3e2801fc\" id=\"forminator-field-textarea-1_69dbc3e2801fc-label\" class=\"forminator-label\">Commentaires<\/label><textarea name=\"textarea-1\" placeholder=\"\" id=\"forminator-field-textarea-1_69dbc3e2801fc\" class=\"forminator-textarea\" rows=\"6\" style=\"min-height:140px;\" ><\/textarea><\/div><\/div><\/div><div class=\"forminator-row\"><div id=\"upload-1\" class=\"forminator-field-upload forminator-col forminator-col-12 \"><div class=\"forminator-field\"><label for=\"forminator-field-upload-1_69dbc3e2801fc\" id=\"forminator-field-upload-1_69dbc3e2801fc-label\" class=\"forminator-label\">T\u00e9l\u00e9verser votre CV <span class=\"forminator-required\">*<\/span><\/label><div class=\"forminator-file-upload \" data-element=\"upload-1_69dbc3e2801fc\"><input type=\"file\" name=\"upload-1\" id=\"forminator-field-upload-1_69dbc3e2801fc\" class=\"forminator-input-file-required do-validate\" accept=\".jpg,.jpeg,.jpe,.gif,.png,.bmp,.tiff,.tif,.webp,.avif,.ico,.heic,.heif,.heics,.heifs,.asf,.asx,.wmv,.wmx,.wm,.avi,.divx,.flv,.mov,.qt,.mpeg,.mpg,.mpe,.mp4,.m4v,.ogv,.webm,.mkv,.3gp,.3gpp,.3g2,.3gp2,.txt,.asc,.c,.cc,.h,.srt,.csv,.tsv,.ics,.rtx,.vtt,.mp3,.m4a,.m4b,.aac,.ra,.ram,.wav,.x-wav,.ogg,.oga,.flac,.mid,.midi,.wma,.wax,.mka,.rtf,.pdf,.class,.tar,.zip,.gz,.gzip,.7z,.psd,.xcf,.doc,.pot,.pps,.ppt,.wri,.xla,.xls,.xlt,.xlw,.mdb,.mpp,.docx,.docm,.dotx,.dotm,.xlsx,.xlsm,.xlsb,.xltx,.xltm,.xlam,.pptx,.pptm,.ppsx,.ppsm,.potx,.potm,.ppam,.sldx,.sldm,.onetoc,.onetoc2,.onetmp,.onepkg,.oxps,.xps,.odt,.odp,.ods,.odg,.odc,.odb,.odf,.wp,.wpd,.key,.numbers,.pages,.json,.lottie,.svgz\" tabindex=\"-1\"><button id=\"forminator-field-upload-1_69dbc3e2801fc_button\" class=\"forminator-button forminator-button-upload\" data-id=\"forminator-field-upload-1_69dbc3e2801fc\">Choisissez un fichier<\/button><span data-empty-text=\"Aucun fichier s\u00e9lectionn\u00e9\">Aucun fichier s\u00e9lectionn\u00e9<\/span><button class=\"forminator-button-delete\" style=\"display: none;\"><i class=\"forminator-icon-close\" aria-hidden=\"true\"><\/i><span class=\"forminator-screen-reader-only\">Supprimer le fichier t\u00e9l\u00e9vers\u00e9<\/span><\/button><\/div><\/div><\/div><\/div><div class=\"forminator-row\"><div id=\"consent-1\" class=\"forminator-field-consent forminator-col forminator-col-12 \"><div class=\"forminator-field\"><label for=\"forminator-field-consent-1_69dbc3e2801fc\" id=\"forminator-field-consent-1_69dbc3e2801fc-label\" class=\"forminator-label\">Consentement <span class=\"forminator-required\">*<\/span><\/label><div class=\"forminator-checkbox__wrapper\"><label id=\"forminator-field-consent-1_69dbc3e2801fc__label\" class=\"forminator-checkbox forminator-consent\" aria-labelledby=\"forminator-field-consent-1_69dbc3e2801fc-label\"><input type=\"checkbox\" name=\"consent-1\" id=\"forminator-field-consent-1_69dbc3e2801fc\" value=\"checked\" aria-labelledby=\"forminator-field-consent-1_69dbc3e2801fc-label\" aria-describedby=\"forminator-field-consent-1_69dbc3e2801fc__description\" data-required=\"true\" aria-required=\"true\" \/><span class=\"forminator-checkbox-box\" aria-hidden=\"true\"><\/span><\/label><div id=\"forminator-field-consent-1_69dbc3e2801fc__description\" class=\"forminator-checkbox__label forminator-consent__label\"><p>J\u2019ai lu et j\u2019accepte les <a rel=\"noopener\" target=\"_blank\" href=\"https:\/\/neosud-securite.fr\/?page_id=434\">Conditions G\u00e9n\u00e9rales d\u2019Utilisation (CGU)<\/a>&nbsp;et la&nbsp;<a rel=\"noopener\" target=\"_blank\" href=\"https:\/\/neosud-securite.fr\/?page_id=95\">Politique de confidentialit\u00e9<\/a>.<\/p><\/div><\/div><\/div><\/div><\/div><input type=\"hidden\" name=\"referer_url\" value=\"\" \/><div class=\"forminator-row forminator-row-last\"><div class=\"forminator-col\"><div class=\"forminator-field\"><button class=\"forminator-button forminator-button-submit\">Envoyer<\/button><\/div><\/div><\/div><input type=\"hidden\" id=\"forminator_nonce\" name=\"forminator_nonce\" value=\"587ac2818d\" \/><input type=\"hidden\" name=\"_wp_http_referer\" value=\"\/index.php?rest_route=%2Fwp%2Fv2%2Fpages%2F66\" \/><input type=\"hidden\" name=\"form_id\" value=\"1400\"><input type=\"hidden\" name=\"page_id\" value=\"66\"><input type=\"hidden\" name=\"form_type\" value=\"default\"><input type=\"hidden\" name=\"current_url\" value=\"https:\/\/neosud-securite.fr\/?page_id=66\"><input type=\"hidden\" name=\"render_id\" value=\"0\"><input type=\"hidden\" name=\"action\" value=\"forminator_submit_form_custom-forms\"><\/form><\/div>\n<\/div><\/div>\n","protected":false},"excerpt":{"rendered":"","protected":false},"author":1,"featured_media":0,"parent":0,"menu_order":0,"comment_status":"closed","ping_status":"closed","template":"","meta":{"_themeisle_gutenberg_block_has_review":false,"footnotes":""},"class_list":["post-66","page","type-page","status-publish","hentry"],"pbg_featured_image_src":{"full":false,"thumbnail":false,"medium":false,"medium_large":false,"large":false,"1536x1536":false,"2048x2048":false},"pbg_author_info":{"display_name":"Na\u00efs","author_link":"https:\/\/neosud-securite.fr\/?author=1","author_img":"<img alt='Na\u00efs' src='https:\/\/secure.gravatar.com\/avatar\/8301fb24955bd9385faff89fcac2872a4f49296e2933e12fdf7f85052f51cc1a?s=128&#038;d=mm&#038;r=g' srcset='https:\/\/secure.gravatar.com\/avatar\/8301fb24955bd9385faff89fcac2872a4f49296e2933e12fdf7f85052f51cc1a?s=256&#038;d=mm&#038;r=g 2x' class='avatar avatar-128 photo' height='128' width='128' loading='lazy' decoding='async'\/>"},"pbg_comment_info":" No Comments","pbg_excerpt":null,"_links":{"self":[{"href":"https:\/\/neosud-securite.fr\/index.php?rest_route=\/wp\/v2\/pages\/66","targetHints":{"allow":["GET"]}}],"collection":[{"href":"https:\/\/neosud-securite.fr\/index.php?rest_route=\/wp\/v2\/pages"}],"about":[{"href":"https:\/\/neosud-securite.fr\/index.php?rest_route=\/wp\/v2\/types\/page"}],"author":[{"embeddable":true,"href":"https:\/\/neosud-securite.fr\/index.php?rest_route=\/wp\/v2\/users\/1"}],"replies":[{"embeddable":true,"href":"https:\/\/neosud-securite.fr\/index.php?rest_route=%2Fwp%2Fv2%2Fcomments&post=66"}],"version-history":[{"count":9,"href":"https:\/\/neosud-securite.fr\/index.php?rest_route=\/wp\/v2\/pages\/66\/revisions"}],"predecessor-version":[{"id":1401,"href":"https:\/\/neosud-securite.fr\/index.php?rest_route=\/wp\/v2\/pages\/66\/revisions\/1401"}],"wp:attachment":[{"href":"https:\/\/neosud-securite.fr\/index.php?rest_route=%2Fwp%2Fv2%2Fmedia&parent=66"}],"curies":[{"name":"wp","href":"https:\/\/api.w.org\/{rel}","templated":true}]}}