{"id":64,"date":"2025-12-24T10:49:27","date_gmt":"2025-12-24T10:49:27","guid":{"rendered":"https:\/\/neosud-securite.fr\/?page_id=64"},"modified":"2026-02-19T15:40:04","modified_gmt":"2026-02-19T14:40:04","slug":"a-propos","status":"publish","type":"page","link":"https:\/\/neosud-securite.fr\/?page_id=64","title":{"rendered":"\u00c0 propos"},"content":{"rendered":"\n<div class=\"wp-block-cover alignfull is-light\" style=\"padding-top:80px;padding-right:40px;padding-bottom:80px;padding-left:40px;min-height:577px;aspect-ratio:unset;\"><img loading=\"lazy\" decoding=\"async\" width=\"1024\" height=\"683\" class=\"wp-block-cover__image-background wp-image-997 size-large\" alt=\"\" src=\"https:\/\/neosud-securite.fr\/wp-content\/uploads\/2026\/01\/enseigne-1-1024x683.png\" style=\"object-position:50% 35%\" data-object-fit=\"cover\" data-object-position=\"50% 35%\" srcset=\"https:\/\/neosud-securite.fr\/wp-content\/uploads\/2026\/01\/enseigne-1-1024x683.png 1024w, https:\/\/neosud-securite.fr\/wp-content\/uploads\/2026\/01\/enseigne-1-300x200.png 300w, https:\/\/neosud-securite.fr\/wp-content\/uploads\/2026\/01\/enseigne-1-768x512.png 768w, https:\/\/neosud-securite.fr\/wp-content\/uploads\/2026\/01\/enseigne-1.png 1536w\" sizes=\"auto, (max-width: 1024px) 100vw, 1024px\" \/><span aria-hidden=\"true\" class=\"wp-block-cover__background has-background-dim-0 has-background-dim\" style=\"background-color:#a49c9c\"><\/span><div class=\"wp-block-cover__inner-container has-global-padding is-layout-constrained wp-container-core-cover-is-layout-62fe9365 wp-block-cover-is-layout-constrained\">\n<div class=\"wp-block-group alignwide is-vertical is-content-justification-center is-layout-flex wp-container-core-group-is-layout-5e763914 wp-block-group-is-layout-flex\" style=\"min-height:8rem\"><\/div>\n<\/div><\/div>\n\n\n\n<div class=\"wp-block-cover alignfull is-light has-text-color\" style=\"color:#eb6200;margin-top:0;margin-bottom:0;padding-top:80px;padding-bottom:80px\"><span aria-hidden=\"true\" class=\"wp-block-cover__background has-background-dim-100 has-background-dim\" style=\"background-color:#f5ece4\"><\/span><div class=\"wp-block-cover__inner-container has-global-padding is-layout-constrained wp-container-core-cover-is-layout-d9e866fb wp-block-cover-is-layout-constrained\">\n<div class=\"wp-block-columns is-layout-flex wp-container-core-columns-is-layout-dab8da8d wp-block-columns-is-layout-flex\">\n<div class=\"wp-block-column is-vertically-aligned-bottom is-layout-flow wp-block-column-is-layout-flow\">\n<p class=\"animated zoomIn slow has-text-color has-montserrat-font-family\" style=\"color:#03081e;margin-top:0rem;margin-bottom:6px;font-size:clamp(14px, 0.875rem + ((1vw - 3.2px) * 0.114), 15px);font-style:normal;font-weight:300;line-height:1.6\">N\u00e9o Sud S\u00e9curit\u00e9 est n\u00e9e d\u2019une id\u00e9e simple : proposer une s\u00e9curit\u00e9 s\u00e9rieuse, humaine et proche du terrain.<br>Une s\u00e9curit\u00e9 pens\u00e9e pour r\u00e9pondre \u00e0 la r\u00e9alit\u00e9 des sites et aux attentes concr\u00e8tes de nos clients, sans discours inutile.<\/p>\n\n\n\n<p class=\"has-text-align-left animated zoomIn slow has-text-color has-montserrat-font-family\" style=\"color:#03081e;margin-top:0rem;margin-bottom:6px;font-size:clamp(14px, 0.875rem + ((1vw - 3.2px) * 0.114), 15px);font-style:normal;font-weight:300;line-height:1.6\">Nous accompagnons des professionnels, des collectivit\u00e9s et des organisateurs d\u2019\u00e9v\u00e9nements en prenant le temps de comprendre leurs besoins, leurs contraintes et leur environnement. Chaque mission est diff\u00e9rente, et nous y apportons une r\u00e9ponse adapt\u00e9e, claire et proportionn\u00e9e.<\/p>\n\n\n\n<p class=\"has-text-align-left animated zoomIn slow has-text-color has-montserrat-font-family\" style=\"color:#03081e;margin-top:0rem;margin-bottom:6px;font-size:clamp(14px, 0.875rem + ((1vw - 3.2px) * 0.114), 15px);font-style:normal;font-weight:300;line-height:1.6\">Nous avons fait le choix de rester une entreprise \u00e0 taille humaine. Cela nous permet d\u2019\u00eatre pr\u00e9sents, disponibles et r\u00e9actifs, aussi bien pour nos clients que pour nos agents. Nous connaissons les sites sur lesquels nous intervenons, et nos \u00e9quipes savent pourquoi elles sont l\u00e0 et ce que l\u2019on attend d\u2019elles.<\/p>\n\n\n\n<p class=\"has-text-align-left animated zoomIn slow has-text-color has-montserrat-font-family\" style=\"color:#03081e;margin-top:0rem;margin-bottom:6px;font-size:clamp(14px, 0.875rem + ((1vw - 3.2px) * 0.114), 15px);font-style:normal;font-weight:300;line-height:1.6\">Pour nous, la s\u00e9curit\u00e9 ne se limite pas \u00e0 une pr\u00e9sence. C\u2019est avant tout observer, anticiper et pr\u00e9venir, puis agir avec calme et discernement lorsque la situation l\u2019exige. Nos agents interviennent toujours dans le respect du cadre l\u00e9gal, avec professionnalisme et respect des personnes.<\/p>\n\n\n\n<p class=\"has-text-align-left animated zoomIn slow has-text-color has-montserrat-font-family\" style=\"color:#03081e;margin-top:0rem;margin-bottom:6px;font-size:clamp(14px, 0.875rem + ((1vw - 3.2px) * 0.114), 15px);font-style:normal;font-weight:300;line-height:1.6\">Nous croyons aux relations simples et durables, bas\u00e9es sur la confiance et l\u2019\u00e9change. Avant chaque prestation, nous prenons le temps de discuter, d\u2019expliquer et d\u2019ajuster, afin de proposer une s\u00e9curit\u00e9 coh\u00e9rente et efficace.<\/p>\n\n\n\n<p class=\"animated zoomIn slow has-text-color has-montserrat-font-family\" style=\"color:#03081e;margin-top:0rem;margin-bottom:6px;font-size:clamp(14px, 0.875rem + ((1vw - 3.2px) * 0.114), 15px);font-style:normal;font-weight:300;line-height:1.6\">Entreprise de s\u00e9curit\u00e9 priv\u00e9e autoris\u00e9e et r\u00e9glement\u00e9e, N\u00e9o Sud S\u00e9curit\u00e9 s\u2019engage chaque jour avec s\u00e9rieux, transparence et proximit\u00e9, au service des personnes et des biens qui nous sont confi\u00e9s.<\/p>\n<\/div>\n\n\n\n<div class=\"wp-block-column is-layout-flow wp-block-column-is-layout-flow\">\n<figure class=\"wp-block-image size-full has-custom-border animated zoomIn slow\"><img loading=\"lazy\" decoding=\"async\" width=\"1536\" height=\"1024\" src=\"https:\/\/neosud-securite.fr\/wp-content\/uploads\/2026\/02\/Bureau.png\" alt=\"\" class=\"has-border-color wp-image-1170\" style=\"border-color:#e6d4c2;border-width:3px;border-top-left-radius:50%;border-top-right-radius:50%;box-shadow:12px 12px 50px rgba(0, 0, 0, 0.4);aspect-ratio:1;object-fit:cover\" srcset=\"https:\/\/neosud-securite.fr\/wp-content\/uploads\/2026\/02\/Bureau.png 1536w, https:\/\/neosud-securite.fr\/wp-content\/uploads\/2026\/02\/Bureau-300x200.png 300w, https:\/\/neosud-securite.fr\/wp-content\/uploads\/2026\/02\/Bureau-1024x683.png 1024w, https:\/\/neosud-securite.fr\/wp-content\/uploads\/2026\/02\/Bureau-768x512.png 768w\" sizes=\"auto, (max-width: 1536px) 100vw, 1536px\" \/><\/figure>\n<\/div>\n<\/div>\n<\/div><\/div>\n\n\n\n<div class=\"wp-block-group alignfull is-vertical is-content-justification-center is-layout-flex wp-container-core-group-is-layout-b6c1f246 wp-block-group-is-layout-flex\">\n<div class=\"wp-block-group has-global-padding is-layout-constrained wp-container-core-group-is-layout-a099c240 wp-block-group-is-layout-constrained\">\n<p><\/p>\n\n\n\n<h2 class=\"wp-block-heading alignfull has-text-align-center animated zoomIn slow has-text-color\" id=\"contact-us\" style=\"color:#000000;margin-bottom:1.11rem;font-size:clamp(1.556rem, 1.556rem + ((1vw - 0.2rem) * 1.916), 2.61rem);font-style:normal;font-weight:500;line-height:1.2;text-transform:capitalize\">Contactez-Nous<\/h2>\n\n\n\n<p class=\"has-text-align-center animated zoomIn slow has-text-color has-montserrat-font-family\" style=\"color:#03081e;margin-top:0rem;font-size:clamp(14px, 0.875rem + ((1vw - 3.2px) * 0.114), 15px);font-style:normal;font-weight:100;line-height:1.6\"><br>N\u2019h\u00e9sitez pas \u00e0 nous contacter pour toute question ou demande d\u2019information suppl\u00e9mentaire.<\/p>\n\n\n\n<div class=\"wp-block-group is-vertical is-content-justification-stretch is-layout-flex wp-container-core-group-is-layout-be82aac6 wp-block-group-is-layout-flex\" style=\"margin-top:0rem;padding-right:0px;padding-left:0px\">\n<div class=\"wp-block-group animated zoomIn slow has-global-padding is-content-justification-center is-layout-constrained wp-container-core-group-is-layout-0638dde4 wp-block-group-is-layout-constrained\" style=\"margin-top:0px\">\n<div class=\"wp-block-buttons is-horizontal is-content-justification-right is-layout-flex wp-container-core-buttons-is-layout-1b0e492f wp-block-buttons-is-layout-flex\" style=\"margin-top:2.21rem\">\n<div class=\"wp-block-button has-custom-width wp-block-button__width-100 is-style-fill\"><a class=\"wp-block-button__link has-text-color has-background has-border-color has-montserrat-font-family has-custom-font-size wp-element-button\" href=\"https:\/\/neosud-securite.fr\/?page_id=68\" style=\"border-color:#041d55;border-style:solid;border-width:1px;border-radius:2.5rem;color:#000000;background-color:#ffffffa3;padding-top:10px;padding-right:22px;padding-bottom:10px;padding-left:22px;font-size:clamp(14px, 0.875rem + ((1vw - 3.2px) * 0.114), 15px);font-style:normal;font-weight:100;line-height:1;text-transform:capitalize\">Contact<\/a><\/div>\n<\/div>\n<\/div>\n<\/div>\n<\/div>\n\n\n\n<p><\/p>\n<\/div>\n","protected":false},"excerpt":{"rendered":"<p>Contactez-Nous N\u2019h\u00e9sitez pas \u00e0 nous contacter pour toute question ou demande d\u2019information suppl\u00e9mentaire.<\/p>\n","protected":false},"author":1,"featured_media":0,"parent":0,"menu_order":0,"comment_status":"closed","ping_status":"closed","template":"","meta":{"_themeisle_gutenberg_block_has_review":false,"footnotes":""},"class_list":["post-64","page","type-page","status-publish","hentry"],"pbg_featured_image_src":{"full":false,"thumbnail":false,"medium":false,"medium_large":false,"large":false,"1536x1536":false,"2048x2048":false},"pbg_author_info":{"display_name":"Na\u00efs","author_link":"https:\/\/neosud-securite.fr\/?author=1","author_img":"<img alt='Na\u00efs' src='https:\/\/secure.gravatar.com\/avatar\/8301fb24955bd9385faff89fcac2872a4f49296e2933e12fdf7f85052f51cc1a?s=128&#038;d=mm&#038;r=g' srcset='https:\/\/secure.gravatar.com\/avatar\/8301fb24955bd9385faff89fcac2872a4f49296e2933e12fdf7f85052f51cc1a?s=256&#038;d=mm&#038;r=g 2x' class='avatar avatar-128 photo' height='128' width='128' loading='lazy' decoding='async'\/>"},"pbg_comment_info":" No Comments","pbg_excerpt":"Contactez-Nous N\u2019h\u00e9sitez pas \u00e0 nous contacter pour toute question ou demande d\u2019information suppl\u00e9mentaire.","_links":{"self":[{"href":"https:\/\/neosud-securite.fr\/index.php?rest_route=\/wp\/v2\/pages\/64","targetHints":{"allow":["GET"]}}],"collection":[{"href":"https:\/\/neosud-securite.fr\/index.php?rest_route=\/wp\/v2\/pages"}],"about":[{"href":"https:\/\/neosud-securite.fr\/index.php?rest_route=\/wp\/v2\/types\/page"}],"author":[{"embeddable":true,"href":"https:\/\/neosud-securite.fr\/index.php?rest_route=\/wp\/v2\/users\/1"}],"replies":[{"embeddable":true,"href":"https:\/\/neosud-securite.fr\/index.php?rest_route=%2Fwp%2Fv2%2Fcomments&post=64"}],"version-history":[{"count":27,"href":"https:\/\/neosud-securite.fr\/index.php?rest_route=\/wp\/v2\/pages\/64\/revisions"}],"predecessor-version":[{"id":1345,"href":"https:\/\/neosud-securite.fr\/index.php?rest_route=\/wp\/v2\/pages\/64\/revisions\/1345"}],"wp:attachment":[{"href":"https:\/\/neosud-securite.fr\/index.php?rest_route=%2Fwp%2Fv2%2Fmedia&parent=64"}],"curies":[{"name":"wp","href":"https:\/\/api.w.org\/{rel}","templated":true}]}}