{"id":57,"date":"2025-12-24T10:48:34","date_gmt":"2025-12-24T10:48:34","guid":{"rendered":"https:\/\/neosud-securite.fr\/?page_id=57"},"modified":"2026-03-02T15:03:30","modified_gmt":"2026-03-02T14:03:30","slug":"accueil","status":"publish","type":"page","link":"https:\/\/neosud-securite.fr\/","title":{"rendered":"Accueil"},"content":{"rendered":"\n<div class=\"wp-block-cover alignfull\" style=\"padding-top:100px;padding-right:60px;padding-bottom:100px;padding-left:60px;min-height:779px;aspect-ratio:unset;\"><img loading=\"lazy\" decoding=\"async\" width=\"1280\" height=\"853\" class=\"wp-block-cover__image-background wp-image-429 size-full\" alt=\"\" src=\"https:\/\/neosud-securite.fr\/wp-content\/uploads\/2026\/01\/Design-sans-titre.png\" style=\"object-position:48% 50%\" data-object-fit=\"cover\" data-object-position=\"48% 50%\" srcset=\"https:\/\/neosud-securite.fr\/wp-content\/uploads\/2026\/01\/Design-sans-titre.png 1280w, https:\/\/neosud-securite.fr\/wp-content\/uploads\/2026\/01\/Design-sans-titre-300x200.png 300w, https:\/\/neosud-securite.fr\/wp-content\/uploads\/2026\/01\/Design-sans-titre-1024x682.png 1024w, https:\/\/neosud-securite.fr\/wp-content\/uploads\/2026\/01\/Design-sans-titre-768x512.png 768w\" sizes=\"auto, (max-width: 1280px) 100vw, 1280px\" \/><span aria-hidden=\"true\" class=\"wp-block-cover__background has-black-background-color has-background-dim\"><\/span><div class=\"wp-block-cover__inner-container has-global-padding is-layout-constrained wp-container-core-cover-is-layout-51dde366 wp-block-cover-is-layout-constrained\">\n<div class=\"wp-block-group alignwide is-vertical is-content-justification-left is-layout-flex wp-container-core-group-is-layout-b21d21b4 wp-block-group-is-layout-flex\" style=\"min-height:520px\">\n<div class=\"wp-block-group has-global-padding is-layout-constrained wp-container-core-group-is-layout-a099c240 wp-block-group-is-layout-constrained\">\n<div class=\"wp-block-group has-global-padding is-content-justification-left is-layout-constrained wp-container-core-group-is-layout-17b4eff9 wp-block-group-is-layout-constrained\">\n<h2 class=\"wp-block-heading has-text-align-left has-text-color has-montserrat-font-family\" id=\"neo-sud-securite\" style=\"color:#ffffff;margin-bottom:1.01rem;font-size:clamp(1.502rem, 1.502rem + ((1vw - 0.2rem) * 1.815), 2.5rem);font-style:normal;font-weight:400;letter-spacing:1.5px;line-height:1.3\"><strong>N\u00e9o Sud S\u00e9curit\u00e9<\/strong><\/h2>\n<\/div>\n\n\n\n<p class=\"has-text-align-left has-text-color has-montserrat-font-family\" style=\"color:#ffffff;margin-top:0;margin-bottom:0;padding-top:0;padding-right:0;padding-bottom:0;padding-left:0;font-size:clamp(0.875rem, 0.875rem + ((1vw - 0.2rem) * 0.409), 1.1rem);font-style:normal;font-weight:400;line-height:1.5\">Un monde meilleur vous appartient <\/p>\n\n\n\n<div class=\"wp-block-group is-vertical is-content-justification-left is-layout-flex wp-container-core-group-is-layout-b8eafc64 wp-block-group-is-layout-flex\" style=\"margin-top:1.61rem;padding-right:0px;padding-left:0px\">\n<div class=\"wp-block-group has-global-padding is-content-justification-left is-layout-constrained wp-container-core-group-is-layout-a938e025 wp-block-group-is-layout-constrained\" style=\"margin-top:0px\">\n<div class=\"wp-block-buttons is-horizontal is-content-justification-right is-layout-flex wp-container-core-buttons-is-layout-099266fd wp-block-buttons-is-layout-flex\" style=\"margin-top:0.51rem\">\n<div class=\"wp-block-button\"><a class=\"wp-block-button__link has-text-color has-background has-montserrat-font-family has-custom-font-size wp-element-button\" href=\"https:\/\/neosud-securite.fr\/?page_id=62\" style=\"border-style:none;border-width:0px;border-top-left-radius:0.86rem;border-top-right-radius:0.86rem;border-bottom-left-radius:0.86rem;border-bottom-right-radius:0.86rem;color:#ffffff;background-color:#e319197d;padding-top:0.71rem;padding-right:1.6rem;padding-bottom:0.71rem;padding-left:1.6rem;font-size:clamp(0.875rem, 0.875rem + ((1vw - 0.2rem) * 0.591), 1.2rem);font-style:normal;font-weight:600;line-height:1.5;text-transform:capitalize\">Nos services<\/a><\/div>\n<\/div>\n<\/div>\n<\/div>\n<\/div>\n<\/div>\n<\/div><\/div>\n\n\n\n<section class=\"wp-block-group alignfull has-text-color has-background has-global-padding is-layout-constrained wp-container-core-group-is-layout-d2cf1b15 wp-block-group-is-layout-constrained\" style=\"color:#212121;background-color:#e6d4c2;margin-top:0rem;margin-bottom:0;padding-top:40px;padding-right:20px;padding-bottom:40px;padding-left:20px;font-size:clamp(0.875rem, 0.875rem + ((1vw - 0.2rem) * 0.464), 1.13rem);font-style:normal;font-weight:400;line-height:1.5\">\n<div class=\"wp-block-group aos-zoom-fade has-background has-global-padding is-layout-constrained wp-container-core-group-is-layout-0f2e7412 wp-block-group-is-layout-constrained\" style=\"background-color:#ffffff00;padding-top:5.01rem;padding-bottom:4.01rem\">\n<div class=\"wp-block-columns is-not-stacked-on-mobile is-layout-flex wp-container-core-columns-is-layout-713970fd wp-block-columns-is-layout-flex\">\n<div class=\"wp-block-column has-global-padding is-layout-constrained wp-container-core-column-is-layout-c6e25a76 wp-block-column-is-layout-constrained\" style=\"border-right-style:none;border-right-width:0px;padding-right:1rem;padding-left:1rem\">\n<h6 class=\"wp-block-heading has-text-align-center animated zoomIn slow has-text-color has-young-serif-regular-font-family\" id=\"99\" style=\"color:#7e1816;margin-bottom:0.51rem;font-size:clamp(1.551rem, 1.551rem + ((1vw - 0.2rem) * 1.907), 2.6rem);line-height:1.3;text-transform:capitalize\">99%<\/h6>\n\n\n\n<p class=\"has-text-align-center has-text-color has-montserrat-font-family\" style=\"color:#212121;margin-top:0px;margin-bottom:1.77rem;font-size:clamp(0.875rem, 0.875rem + ((1vw - 0.2rem) * 0.227), 1rem);font-style:normal;font-weight:600;line-height:1.5\">Clients Satisfaits<\/p>\n<\/div>\n\n\n\n<div class=\"wp-block-column has-global-padding is-layout-constrained wp-container-core-column-is-layout-c6e25a76 wp-block-column-is-layout-constrained\" style=\"border-right-style:none;border-right-width:0px;padding-right:1rem;padding-left:1rem\">\n<h6 class=\"wp-block-heading has-text-align-center animated zoomIn slow has-text-color has-young-serif-regular-font-family\" id=\"30-000\" style=\"color:#7e1816;margin-bottom:0.51rem;font-size:clamp(1.551rem, 1.551rem + ((1vw - 0.2rem) * 1.907), 2.6rem);line-height:1.3;text-transform:capitalize\">30 000+<\/h6>\n\n\n\n<p class=\"has-text-align-center has-text-color has-montserrat-font-family\" style=\"color:#212121;margin-top:0px;margin-bottom:1.77rem;font-size:clamp(0.875rem, 0.875rem + ((1vw - 0.2rem) * 0.227), 1rem);font-style:normal;font-weight:600;line-height:1.5\">Heures Annuelles<\/p>\n<\/div>\n\n\n\n<div class=\"wp-block-column data-aos-duration has-global-padding is-layout-constrained wp-container-core-column-is-layout-c6e25a76 wp-block-column-is-layout-constrained\" style=\"padding-right:1rem;padding-left:1rem\">\n<h6 class=\"wp-block-heading has-text-align-center animated zoomIn slow has-text-color has-young-serif-regular-font-family\" id=\"15-ans\" style=\"color:#7e1816;margin-bottom:0.51rem;font-size:clamp(1.551rem, 1.551rem + ((1vw - 0.2rem) * 1.907), 2.6rem);line-height:1.3;text-transform:capitalize\">15 ans<\/h6>\n\n\n\n<p class=\"has-text-align-center has-text-color has-montserrat-font-family\" style=\"color:#212121;margin-top:0px;margin-bottom:1.77rem;font-size:clamp(0.875rem, 0.875rem + ((1vw - 0.2rem) * 0.227), 1rem);font-style:normal;font-weight:600;line-height:1.5\">Exp\u00e9riences<\/p>\n<\/div>\n<\/div>\n<\/div>\n<\/section>\n\n\n\n<div class=\"wp-block-group alignfull has-background is-layout-flow wp-container-core-group-is-layout-b98bdf25 wp-block-group-is-layout-flow\" style=\"background-color:#fdf0e6;margin-top:0;margin-bottom:0;padding-top:80px;padding-right:40px;padding-bottom:80px;padding-left:40px\">\n<div class=\"wp-block-media-text has-media-on-the-right is-stacked-on-mobile is-vertically-aligned-center ease-out-cubic animated zoomIn\" style=\"padding-top:40px;padding-right:20px;padding-bottom:40px;padding-left:20px;grid-template-columns:auto 34%\"><div class=\"wp-block-media-text__content\">\n<h1 class=\"wp-block-heading aos-zoom-fade animated zoomIn slow delay-200ms has-text-color has-young-serif-regular-font-family\" id=\"declaration-du-dirigeant\" style=\"color:#000000;margin-top:0;margin-bottom:0;padding-top:0;padding-bottom:0;font-size:clamp(18.959px, 1.185rem + ((1vw - 3.2px) * 1.255), 30px);font-style:normal;font-weight:400;line-height:1.3\"><strong>D\u00e9claration du dirigeant<\/strong><\/h1>\n\n\n\n<p class=\"animated zoomIn delay-500ms slow has-montserrat-font-family\" style=\"padding-bottom:0px;font-size:clamp(14px, 0.875rem + ((1vw - 3.2px) * 0.114), 15px);font-style:normal;font-weight:100\">En qualit\u00e9 de dirigeant, je mets \u00e0 disposition des entreprises et des collectivit\u00e9s une expertise fond\u00e9e sur plus de quinze ann\u00e9es d\u2019exp\u00e9rience acquise au sein de grands groupes du secteur.<\/p>\n\n\n\n<p class=\"animated zoomIn delay-500ms slow has-montserrat-font-family\" style=\"padding-bottom:0px;font-size:clamp(14px, 0.875rem + ((1vw - 3.2px) * 0.114), 15px);font-style:normal;font-weight:100\">Mon parcours professionnel, d\u00e9but\u00e9 en 2010, m\u2019a permis d\u2019exercer l\u2019ensemble des fonctions op\u00e9rationnelles et manag\u00e9riales de la s\u00e9curit\u00e9 priv\u00e9e, de l\u2019intervention terrain \u00e0 la direction d\u2019exploitation. Cette connaissance globale du m\u00e9tier constitue un gage de ma\u00eetrise des enjeux op\u00e9rationnels, humains et r\u00e9glementaires propres aux prestations de s\u00e9curit\u00e9.<\/p>\n\n\n\n<p class=\"animated zoomIn delay-500ms slow has-montserrat-font-family\" style=\"padding-bottom:0px;font-size:clamp(14px, 0.875rem + ((1vw - 3.2px) * 0.114), 15px);font-style:normal;font-weight:100\">\u00c0 travers N\u00e9o Sud S\u00e9curit\u00e9, je con\u00e7ois et d\u00e9ploie des dispositifs de s\u00e9curit\u00e9 structur\u00e9s et adapt\u00e9s, reposant sur une analyse rigoureuse des risques, une organisation op\u00e9rationnelle \u00e9prouv\u00e9e et un strict respect des obligations l\u00e9gales et contractuelles. Chaque mission fait l\u2019objet d\u2019un encadrement permanent visant \u00e0 garantir la continuit\u00e9 de service, la tra\u00e7abilit\u00e9 des actions et la qualit\u00e9 des prestations.<\/p>\n\n\n\n<p class=\"animated zoomIn delay-500ms slow has-montserrat-font-family\" style=\"padding-bottom:0px;font-size:clamp(14px, 0.875rem + ((1vw - 3.2px) * 0.114), 15px);font-style:normal;font-weight:100\">Je m\u2019appuie sur des \u00e9quipes qualifi\u00e9es, form\u00e9es et encadr\u00e9es, dont le s\u00e9rieux, la rigueur et le professionnalisme assurent un haut niveau d\u2019exigence op\u00e9rationnelle sur l\u2019ensemble des sites s\u00e9curis\u00e9s.<\/p>\n\n\n\n<p class=\"animated zoomIn delay-500ms slow has-montserrat-font-family\" style=\"padding-bottom:0px;font-size:clamp(14px, 0.875rem + ((1vw - 3.2px) * 0.114), 15px);font-style:normal;font-weight:100\">L\u2019objectif de N\u00e9o Sud S\u00e9curit\u00e9 est d\u2019apporter aux donneurs d\u2019ordre publics et priv\u00e9s une r\u00e9ponse fiable, conforme et performante, contribuant durablement \u00e0 la protection des personnes, des biens et \u00e0 la s\u00e9curisation de leurs activit\u00e9s.<\/p>\n\n\n\n<p class=\"animated zoomIn delay-500ms slow has-montserrat-font-family\" style=\"padding-bottom:0px;font-size:clamp(14px, 0.875rem + ((1vw - 3.2px) * 0.114), 15px);font-style:normal;font-weight:100\">Le Dirigeant&nbsp;<\/p>\n\n\n\n<p class=\"animated zoomIn delay-500ms slow has-young-serif-regular-font-family\" style=\"padding-bottom:0px;font-size:clamp(14px, 0.875rem + ((1vw - 3.2px) * 0.114), 15px);font-style:normal;font-weight:400\"><em>Monsieur Kacem MAATOUG<\/em><\/p>\n<\/div><figure class=\"wp-block-media-text__media\"><img loading=\"lazy\" decoding=\"async\" width=\"683\" height=\"1024\" src=\"http:\/\/neosud-securite.fr\/wp-content\/uploads\/2026\/01\/WhatsApp-Image-2026-01-08-at-12.03.35-683x1024.jpeg\" alt=\"\" class=\"wp-image-391 size-full\" srcset=\"https:\/\/neosud-securite.fr\/wp-content\/uploads\/2026\/01\/WhatsApp-Image-2026-01-08-at-12.03.35-683x1024.jpeg 683w, https:\/\/neosud-securite.fr\/wp-content\/uploads\/2026\/01\/WhatsApp-Image-2026-01-08-at-12.03.35-200x300.jpeg 200w, https:\/\/neosud-securite.fr\/wp-content\/uploads\/2026\/01\/WhatsApp-Image-2026-01-08-at-12.03.35-768x1152.jpeg 768w, https:\/\/neosud-securite.fr\/wp-content\/uploads\/2026\/01\/WhatsApp-Image-2026-01-08-at-12.03.35.jpeg 1024w\" sizes=\"auto, (max-width: 683px) 100vw, 683px\" \/><\/figure><\/div>\n<\/div>\n\n\n\n<section class=\"wp-block-group alignfull has-text-color has-background has-global-padding is-layout-constrained wp-container-core-group-is-layout-10b0fe53 wp-block-group-is-layout-constrained\" style=\"color:#fffffd;background-color:#ffffff4f;margin-top:0rem;padding-top:60px;padding-right:20px;padding-bottom:60px;padding-left:20px;font-size:clamp(0.875rem, 0.875rem + ((1vw - 0.2rem) * 0.464), 1.13rem);font-style:normal;font-weight:400;line-height:1.5\">\n<div class=\"wp-block-group has-global-padding is-layout-constrained wp-container-core-group-is-layout-a2b288bf wp-block-group-is-layout-constrained\" style=\"padding-top:7.01rem;padding-bottom:7.01rem\">\n<div class=\"wp-block-group has-global-padding is-layout-constrained wp-container-core-group-is-layout-830598b8 wp-block-group-is-layout-constrained\">\n<div class=\"wp-block-group animated zoomIn has-global-padding is-layout-constrained wp-container-core-group-is-layout-ffc174bf wp-block-group-is-layout-constrained\">\n<h2 class=\"wp-block-heading has-text-align-center animated zoomIn slow has-text-color has-montserrat-font-family\" id=\"ils-ont-choisi-de-nous-faire-confiance\" style=\"color:#040000;font-size:clamp(14px, 0.875rem + ((1vw - 3.2px) * 0.341), 17px);letter-spacing:1.5px;line-height:1.3\">Ils ont choisi de nous faire confiance<\/h2>\n\n\n\n<p><\/p>\n<\/div>\n<\/div>\n\n\n\n<div class=\"wp-block-lcb-logo-carousel alcb-block-moyjcl7s alcb__active_pagination animated zoomIn delay-100ms slow\"><div dir=\"ltr\" class=\"alcb__carousel_container swiper\" data-desktop=\"6\" data-tablet=\"2\" data-mobile=\"1\" data-autoplay=\"true\" data-autoplaydelay=\"2000\" data-autoplaydirection=\"false\" data-speed=\"400\" data-loop=\"true\" data-pauseonhover=\"true\" data-keyboard=\"false\" data-mousewheel=\"true\" data-autoheight=\"false\" data-deskspace=\"30\" data-tabspace=\"20\" data-phonespace=\"10\" data-id=\"alcb-block-moyjcl7s\" data-pagination=\"true\" data-navigation=\"true\" id=\"alcb-block-moyjcl7s\"><div class=\"swiper-wrapper\"><div class=\"swiper-slide alcb__logo-item\" style=\"border: 0 solid #333333;border-radius:0px\"><div class=\"alcb__logo-image  alcb__none\"><img decoding=\"async\" src=\"http:\/\/neosud-securite.fr\/wp-content\/uploads\/2026\/01\/Logo-les-mousquetaires-1.jpg\" alt=\"\" id=\"763\"\/><\/div><\/div><div class=\"swiper-slide alcb__logo-item\" style=\"border: 0 solid #333333;border-radius:0px\"><div class=\"alcb__logo-image  alcb__none\"><img decoding=\"async\" src=\"http:\/\/neosud-securite.fr\/wp-content\/uploads\/2026\/01\/logo-port-de-frontignan.png\" alt=\"\" id=\"761\"\/><\/div><\/div><div class=\"swiper-slide alcb__logo-item\" style=\"border: 0 solid #333333;border-radius:0px\"><div class=\"alcb__logo-image  alcb__none\"><img decoding=\"async\" src=\"http:\/\/neosud-securite.fr\/wp-content\/uploads\/2026\/01\/logo-port-de-canet.png\" alt=\"\" id=\"773\"\/><\/div><\/div><div class=\"swiper-slide alcb__logo-item\" style=\"border: 0 solid #333333;border-radius:0px\"><div class=\"alcb__logo-image  alcb__none\"><img decoding=\"async\" src=\"http:\/\/neosud-securite.fr\/wp-content\/uploads\/2026\/01\/Logo-CCBTA.jpeg\" alt=\"\" id=\"756\"\/><\/div><\/div><div class=\"swiper-slide alcb__logo-item\" style=\"border: 0 solid #333333;border-radius:0px\"><div class=\"alcb__logo-image  alcb__none\"><img decoding=\"async\" src=\"http:\/\/neosud-securite.fr\/wp-content\/uploads\/2026\/01\/Logo-comcom-Vigan.jpg\" alt=\"\" id=\"762\"\/><\/div><\/div><div class=\"swiper-slide alcb__logo-item\" style=\"border: 0 solid #333333;border-radius:0px\"><div class=\"alcb__logo-image  alcb__none\"><img decoding=\"async\" src=\"http:\/\/neosud-securite.fr\/wp-content\/uploads\/2026\/01\/logo-systeme-U-31d9cd.svg\" alt=\"\" id=\"764\"\/><\/div><\/div><div class=\"swiper-slide alcb__logo-item\" style=\"border: 0 solid #333333;border-radius:0px\"><div class=\"alcb__logo-image  alcb__none\"><img decoding=\"async\" src=\"http:\/\/neosud-securite.fr\/wp-content\/uploads\/2026\/01\/image-1.png\" alt=\"\" id=\"1022\"\/><\/div><\/div><div class=\"swiper-slide alcb__logo-item\" style=\"border: 0 solid #333333;border-radius:0px\"><div class=\"alcb__logo-image  alcb__none\"><img decoding=\"async\" src=\"http:\/\/neosud-securite.fr\/wp-content\/uploads\/2026\/01\/logo-mejannes-le-clap.png\" alt=\"\" id=\"1025\"\/><\/div><\/div><div class=\"swiper-slide alcb__logo-item\" style=\"border: 0 solid #333333;border-radius:0px\"><div class=\"alcb__logo-image  alcb__none\"><img decoding=\"async\" src=\"http:\/\/neosud-securite.fr\/wp-content\/uploads\/2026\/03\/logo-nig.png\" alt=\"\" id=\"1413\"\/><\/div><\/div><div class=\"swiper-slide alcb__logo-item\" style=\"border: 0 solid #333333;border-radius:0px\"><div class=\"alcb__logo-image  alcb__none\"><img decoding=\"async\" src=\"http:\/\/neosud-securite.fr\/wp-content\/uploads\/2026\/03\/logo-herault-culture.png\" alt=\"\" id=\"1414\"\/><\/div><\/div><div class=\"swiper-slide alcb__logo-item\" style=\"border: 0 solid #333333;border-radius:0px\"><div class=\"alcb__logo-image  alcb__none\"><img decoding=\"async\" src=\"http:\/\/neosud-securite.fr\/wp-content\/uploads\/2026\/03\/975D20CA-12E4-4B52-A858-6DD9E44CEE79.png\" alt=\"\" id=\"1415\"\/><\/div><\/div><\/div><\/div><div class=\"alcb__pag swiper-pagination\"><\/div><div class=\"navigation\"><div class=\"alcb__prev swiper-button-prev\"><\/div><div class=\"alcb__next swiper-button-next\"><\/div><\/div><\/div>\n<\/div>\n<\/section>\n","protected":false},"excerpt":{"rendered":"<p>99% Clients Satisfaits 30 000+ Heures Annuelles 15 ans Exp\u00e9riences D\u00e9claration du dirigeant En qualit\u00e9 de dirigeant, je mets \u00e0 disposition des entreprises et des collectivit\u00e9s une expertise fond\u00e9e sur plus de quinze ann\u00e9es d\u2019exp\u00e9rience acquise au sein de grands groupes du secteur. Mon parcours professionnel, d\u00e9but\u00e9 en 2010, m\u2019a permis d\u2019exercer l\u2019ensemble des fonctions [&hellip;]<\/p>\n","protected":false},"author":1,"featured_media":0,"parent":0,"menu_order":0,"comment_status":"closed","ping_status":"closed","template":"","meta":{"_themeisle_gutenberg_block_has_review":false,"footnotes":""},"class_list":["post-57","page","type-page","status-publish","hentry"],"pbg_featured_image_src":{"full":false,"thumbnail":false,"medium":false,"medium_large":false,"large":false,"1536x1536":false,"2048x2048":false},"pbg_author_info":{"display_name":"Na\u00efs","author_link":"https:\/\/neosud-securite.fr\/?author=1","author_img":"<img alt='Na\u00efs' src='https:\/\/secure.gravatar.com\/avatar\/8301fb24955bd9385faff89fcac2872a4f49296e2933e12fdf7f85052f51cc1a?s=128&#038;d=mm&#038;r=g' srcset='https:\/\/secure.gravatar.com\/avatar\/8301fb24955bd9385faff89fcac2872a4f49296e2933e12fdf7f85052f51cc1a?s=256&#038;d=mm&#038;r=g 2x' class='avatar avatar-128 photo' height='128' width='128' loading='lazy' decoding='async'\/>"},"pbg_comment_info":" No Comments","pbg_excerpt":"99% Clients Satisfaits 30 000+ Heures Annuelles 15 ans Exp\u00e9riences D\u00e9claration du dirigeant En qualit\u00e9 de dirigeant, je mets \u00e0 disposition des entreprises et des collectivit\u00e9s une expertise fond\u00e9e sur plus de quinze ann\u00e9es d\u2019exp\u00e9rience acquise au sein de grands groupes du secteur. Mon parcours professionnel, d\u00e9but\u00e9 en 2010, m\u2019a permis d\u2019exercer l\u2019ensemble des fonctions\u2026","_links":{"self":[{"href":"https:\/\/neosud-securite.fr\/index.php?rest_route=\/wp\/v2\/pages\/57","targetHints":{"allow":["GET"]}}],"collection":[{"href":"https:\/\/neosud-securite.fr\/index.php?rest_route=\/wp\/v2\/pages"}],"about":[{"href":"https:\/\/neosud-securite.fr\/index.php?rest_route=\/wp\/v2\/types\/page"}],"author":[{"embeddable":true,"href":"https:\/\/neosud-securite.fr\/index.php?rest_route=\/wp\/v2\/users\/1"}],"replies":[{"embeddable":true,"href":"https:\/\/neosud-securite.fr\/index.php?rest_route=%2Fwp%2Fv2%2Fcomments&post=57"}],"version-history":[{"count":119,"href":"https:\/\/neosud-securite.fr\/index.php?rest_route=\/wp\/v2\/pages\/57\/revisions"}],"predecessor-version":[{"id":1416,"href":"https:\/\/neosud-securite.fr\/index.php?rest_route=\/wp\/v2\/pages\/57\/revisions\/1416"}],"wp:attachment":[{"href":"https:\/\/neosud-securite.fr\/index.php?rest_route=%2Fwp%2Fv2%2Fmedia&parent=57"}],"curies":[{"name":"wp","href":"https:\/\/api.w.org\/{rel}","templated":true}]}}