{"id":434,"date":"2026-01-09T11:35:42","date_gmt":"2026-01-09T10:35:42","guid":{"rendered":"https:\/\/neosud-securite.fr\/?page_id=434"},"modified":"2026-02-20T23:14:52","modified_gmt":"2026-02-20T22:14:52","slug":"conditions-generales-dutilisation-cgu","status":"publish","type":"page","link":"https:\/\/neosud-securite.fr\/?page_id=434","title":{"rendered":"Conditions G\u00e9n\u00e9rales d\u2019Utilisation (CGU)"},"content":{"rendered":"\n<div class=\"wp-block-cover alignfull\" style=\"padding-top:2%;min-height:30rem;aspect-ratio:unset;\"><img loading=\"lazy\" decoding=\"async\" width=\"1024\" height=\"724\" class=\"wp-block-cover__image-background wp-image-292 size-large\" alt=\"\" src=\"https:\/\/neosud-securite.fr\/wp-content\/uploads\/2026\/01\/fond-rouge-1-1024x724.png\" data-object-fit=\"cover\" srcset=\"https:\/\/neosud-securite.fr\/wp-content\/uploads\/2026\/01\/fond-rouge-1-1024x724.png 1024w, https:\/\/neosud-securite.fr\/wp-content\/uploads\/2026\/01\/fond-rouge-1-300x212.png 300w, https:\/\/neosud-securite.fr\/wp-content\/uploads\/2026\/01\/fond-rouge-1-768x543.png 768w, https:\/\/neosud-securite.fr\/wp-content\/uploads\/2026\/01\/fond-rouge-1-1536x1086.png 1536w, https:\/\/neosud-securite.fr\/wp-content\/uploads\/2026\/01\/fond-rouge-1-2048x1449.png 2048w\" sizes=\"auto, (max-width: 1024px) 100vw, 1024px\" \/><span aria-hidden=\"true\" class=\"wp-block-cover__background has-background-dim-0 has-background-dim\" style=\"background-color:#ad1818\"><\/span><div class=\"wp-block-cover__inner-container has-global-padding is-layout-constrained wp-container-core-cover-is-layout-ee51f2d2 wp-block-cover-is-layout-constrained\">\n<div class=\"wp-block-group is-vertical is-content-justification-center is-layout-flex wp-container-core-group-is-layout-5e763914 wp-block-group-is-layout-flex\" style=\"min-height:8rem\">\n<div class=\"wp-block-group has-global-padding is-layout-constrained wp-container-core-group-is-layout-bea02a06 wp-block-group-is-layout-constrained\">\n<h2 class=\"wp-block-heading has-text-align-center has-text-color has-montserrat-font-family\" id=\"conditions-generales-d-utilisation-cgu\" style=\"color:#ffffff;margin-top:0rem;margin-bottom:1.01rem;font-size:clamp(2.071rem, 2.071rem + ((1vw - 0.2rem) * 2.98), 3.71rem);font-style:normal;font-weight:400;line-height:1;text-transform:capitalize\">Conditions G\u00e9n\u00e9rales d\u2019Utilisation (CGU)<\/h2>\n<\/div>\n<\/div>\n<\/div><\/div>\n\n\n\n<p class=\"has-text-align-center has-montserrat-font-family\" style=\"font-size:clamp(14px, 0.875rem + ((1vw - 3.2px) * 0.114), 15px);\">Bienvenue sur le site N\u00e9o Sud S\u00e9curit\u00e9. En utilisant ce site et ses services (formulaires de contact, de devis ou de candidature), vous acceptez les pr\u00e9sentes Conditions G\u00e9n\u00e9rales d\u2019Utilisation.<\/p>\n\n\n\n<div class=\"wp-block-group has-global-padding is-layout-constrained wp-block-group-is-layout-constrained\">\n<h2 class=\"wp-block-heading has-text-align-center has-montserrat-font-family\" id=\"objet\" style=\"font-size:clamp(18.959px, 1.185rem + ((1vw - 3.2px) * 1.255), 30px);\">Objet<\/h2>\n\n\n\n<p class=\"has-text-align-center has-montserrat-font-family\" style=\"font-size:clamp(14px, 0.875rem + ((1vw - 3.2px) * 0.114), 15px);\">Ces CGU d\u00e9finissent les r\u00e8gles d\u2019utilisation du site N\u00e9o Sud S\u00e9curit\u00e9.<\/p>\n\n\n\n<h2 class=\"wp-block-heading has-text-align-center has-montserrat-font-family\" id=\"acces-au-site\" style=\"font-size:clamp(18.959px, 1.185rem + ((1vw - 3.2px) * 1.255), 30px);\">Acc\u00e8s au site<\/h2>\n\n\n\n<p class=\"has-text-align-center has-montserrat-font-family\" style=\"font-size:clamp(14px, 0.875rem + ((1vw - 3.2px) * 0.114), 15px);\">L\u2019acc\u00e8s au site est gratuit. Nous pouvons modifier ou suspendre le site ou certains services \u00e0 tout moment.<\/p>\n\n\n\n<div class=\"wp-block-group has-global-padding is-layout-constrained wp-block-group-is-layout-constrained\">\n<h2 class=\"wp-block-heading has-text-align-center has-montserrat-font-family\" id=\"utilisation-des-formulaires\" style=\"font-size:clamp(18.959px, 1.185rem + ((1vw - 3.2px) * 1.255), 30px);\">Utilisation des formulaires<\/h2>\n\n\n\n<p class=\"has-text-align-center has-montserrat-font-family\" style=\"font-size:clamp(14px, 0.875rem + ((1vw - 3.2px) * 0.114), 15px);\">En remplissant un formulaire, vous acceptez de fournir des informations exactes et compl\u00e8tes. Vos donn\u00e9es sont utilis\u00e9es conform\u00e9ment \u00e0 notre Politique de confidentialit\u00e9.<\/p>\n\n\n\n<h2 class=\"wp-block-heading has-text-align-center has-montserrat-font-family\" id=\"propriete-intellectuelle\" style=\"font-size:clamp(18.959px, 1.185rem + ((1vw - 3.2px) * 1.255), 30px);\">Propri\u00e9t\u00e9 intellectuelle<\/h2>\n\n\n\n<p class=\"has-text-align-center has-montserrat-font-family\" style=\"font-size:clamp(14px, 0.875rem + ((1vw - 3.2px) * 0.114), 15px);\">Le contenu du site (textes, images, logos) est prot\u00e9g\u00e9 par le droit d\u2019auteur.<\/p>\n\n\n\n<h2 class=\"wp-block-heading has-text-align-center has-montserrat-font-family\" id=\"responsabilite\" style=\"font-size:clamp(18.959px, 1.185rem + ((1vw - 3.2px) * 1.255), 30px);\">Responsabilit\u00e9<\/h2>\n\n\n\n<p class=\"has-text-align-center has-montserrat-font-family\" style=\"font-size:clamp(14px, 0.875rem + ((1vw - 3.2px) * 0.114), 15px);\">Nous ne pouvons pas \u00eatre tenus responsables des dommages li\u00e9s \u00e0 l\u2019utilisation du site.<\/p>\n\n\n\n<h2 class=\"wp-block-heading has-text-align-center has-montserrat-font-family\" id=\"modifications-des-cgu\" style=\"font-size:clamp(18.959px, 1.185rem + ((1vw - 3.2px) * 1.255), 30px);\">Modifications des CGU<\/h2>\n\n\n\n<p class=\"has-text-align-center has-montserrat-font-family\" style=\"font-size:clamp(14px, 0.875rem + ((1vw - 3.2px) * 0.114), 15px);\">Nous pouvons modifier ces CGU \u00e0 tout moment. Les nouvelles conditions s\u2019appliquent d\u00e8s leur publication sur le site.<\/p>\n\n\n\n<h2 class=\"wp-block-heading has-text-align-center has-montserrat-font-family\" id=\"contact\" style=\"font-size:clamp(18.959px, 1.185rem + ((1vw - 3.2px) * 1.255), 30px);\">Contact<\/h2>\n\n\n\n<p class=\"has-text-align-center has-montserrat-font-family\" style=\"font-size:clamp(14px, 0.875rem + ((1vw - 3.2px) * 0.114), 15px);\">Pour toute question concernant les CGU contactez-nous<\/p>\n<\/div>\n<\/div>\n","protected":false},"excerpt":{"rendered":"<p>Bienvenue sur le site N\u00e9o Sud S\u00e9curit\u00e9. En utilisant ce site et ses services (formulaires de contact, de devis ou de candidature), vous acceptez les pr\u00e9sentes Conditions G\u00e9n\u00e9rales d\u2019Utilisation. Objet Ces CGU d\u00e9finissent les r\u00e8gles d\u2019utilisation du site N\u00e9o Sud S\u00e9curit\u00e9. Acc\u00e8s au site L\u2019acc\u00e8s au site est gratuit. Nous pouvons modifier ou suspendre le [&hellip;]<\/p>\n","protected":false},"author":1,"featured_media":0,"parent":0,"menu_order":0,"comment_status":"closed","ping_status":"closed","template":"","meta":{"_themeisle_gutenberg_block_has_review":false,"footnotes":""},"class_list":["post-434","page","type-page","status-publish","hentry"],"pbg_featured_image_src":{"full":false,"thumbnail":false,"medium":false,"medium_large":false,"large":false,"1536x1536":false,"2048x2048":false},"pbg_author_info":{"display_name":"Na\u00efs","author_link":"https:\/\/neosud-securite.fr\/?author=1","author_img":"<img alt='Na\u00efs' src='https:\/\/secure.gravatar.com\/avatar\/8301fb24955bd9385faff89fcac2872a4f49296e2933e12fdf7f85052f51cc1a?s=128&#038;d=mm&#038;r=g' srcset='https:\/\/secure.gravatar.com\/avatar\/8301fb24955bd9385faff89fcac2872a4f49296e2933e12fdf7f85052f51cc1a?s=256&#038;d=mm&#038;r=g 2x' class='avatar avatar-128 photo' height='128' width='128' loading='lazy' decoding='async'\/>"},"pbg_comment_info":" No Comments","pbg_excerpt":"Bienvenue sur le site N\u00e9o Sud S\u00e9curit\u00e9. En utilisant ce site et ses services (formulaires de contact, de devis ou de candidature), vous acceptez les pr\u00e9sentes Conditions G\u00e9n\u00e9rales d\u2019Utilisation. Objet Ces CGU d\u00e9finissent les r\u00e8gles d\u2019utilisation du site N\u00e9o Sud S\u00e9curit\u00e9. Acc\u00e8s au site L\u2019acc\u00e8s au site est gratuit. Nous pouvons modifier ou suspendre le\u2026","_links":{"self":[{"href":"https:\/\/neosud-securite.fr\/index.php?rest_route=\/wp\/v2\/pages\/434","targetHints":{"allow":["GET"]}}],"collection":[{"href":"https:\/\/neosud-securite.fr\/index.php?rest_route=\/wp\/v2\/pages"}],"about":[{"href":"https:\/\/neosud-securite.fr\/index.php?rest_route=\/wp\/v2\/types\/page"}],"author":[{"embeddable":true,"href":"https:\/\/neosud-securite.fr\/index.php?rest_route=\/wp\/v2\/users\/1"}],"replies":[{"embeddable":true,"href":"https:\/\/neosud-securite.fr\/index.php?rest_route=%2Fwp%2Fv2%2Fcomments&post=434"}],"version-history":[{"count":4,"href":"https:\/\/neosud-securite.fr\/index.php?rest_route=\/wp\/v2\/pages\/434\/revisions"}],"predecessor-version":[{"id":1407,"href":"https:\/\/neosud-securite.fr\/index.php?rest_route=\/wp\/v2\/pages\/434\/revisions\/1407"}],"wp:attachment":[{"href":"https:\/\/neosud-securite.fr\/index.php?rest_route=%2Fwp%2Fv2%2Fmedia&parent=434"}],"curies":[{"name":"wp","href":"https:\/\/api.w.org\/{rel}","templated":true}]}}