{"id":103,"date":"2025-12-24T15:28:36","date_gmt":"2025-12-24T15:28:36","guid":{"rendered":"https:\/\/neosud-securite.fr\/?page_id=103"},"modified":"2026-02-20T16:05:40","modified_gmt":"2026-02-20T15:05:40","slug":"videosurveillance","status":"publish","type":"page","link":"https:\/\/neosud-securite.fr\/?page_id=103","title":{"rendered":"Vid\u00e9osurveillance"},"content":{"rendered":"\n<div class=\"wp-block-cover alignfull\" style=\"margin-top:0;margin-bottom:0;padding-top:60px;padding-bottom:60px;min-height:360px;aspect-ratio:unset;\"><img loading=\"lazy\" decoding=\"async\" width=\"1024\" height=\"333\" class=\"wp-block-cover__image-background wp-image-1220 size-large\" alt=\"\" src=\"https:\/\/neosud-securite.fr\/wp-content\/uploads\/2026\/02\/Sans-titre-1024x333.png\" data-object-fit=\"cover\" srcset=\"https:\/\/neosud-securite.fr\/wp-content\/uploads\/2026\/02\/Sans-titre-1024x333.png 1024w, https:\/\/neosud-securite.fr\/wp-content\/uploads\/2026\/02\/Sans-titre-300x98.png 300w, https:\/\/neosud-securite.fr\/wp-content\/uploads\/2026\/02\/Sans-titre-768x250.png 768w, https:\/\/neosud-securite.fr\/wp-content\/uploads\/2026\/02\/Sans-titre-1536x500.png 1536w, https:\/\/neosud-securite.fr\/wp-content\/uploads\/2026\/02\/Sans-titre-2048x666.png 2048w\" sizes=\"auto, (max-width: 1024px) 100vw, 1024px\" \/><span aria-hidden=\"true\" class=\"wp-block-cover__background has-background-dim-0 has-background-dim\" style=\"background-color:#e9ceb0\"><\/span><div class=\"wp-block-cover__inner-container has-global-padding is-layout-constrained wp-container-core-cover-is-layout-c70e00cc wp-block-cover-is-layout-constrained\">\n<div style=\"height:150px\" aria-hidden=\"true\" class=\"wp-block-spacer\"><\/div>\n\n\n\n<h2 class=\"wp-block-heading has-text-align-center\" style=\"font-size:clamp(35.641px, 2.228rem + ((1vw - 3.2px) * 3.336), 65px);\">Vid\u00e9osurveillance<\/h2>\n<\/div><\/div>\n\n\n\n<div class=\"wp-block-group alignfull has-global-padding is-layout-constrained wp-container-core-group-is-layout-a62fa364 wp-block-group-is-layout-constrained\" style=\"margin-top:0;margin-bottom:0;padding-top:0px;padding-bottom:0px\">\n<div class=\"wp-block-group alignfull has-global-padding is-layout-constrained wp-container-core-group-is-layout-51f68674 wp-block-group-is-layout-constrained\" style=\"margin-top:0;margin-bottom:0;padding-top:60px;padding-right:30px;padding-bottom:0px;padding-left:30px\">\n<div class=\"wp-block-group is-vertical is-layout-flex wp-container-core-group-is-layout-fe9cc265 wp-block-group-is-layout-flex\">\n<p class=\"has-text-align-center animated zoomIn slow has-text-color has-montserrat-font-family\" style=\"color:#001211;font-size:clamp(14px, 0.875rem + ((1vw - 3.2px) * 0.114), 15px);font-style:normal;font-weight:100\">Chez N\u00e9o Sud S\u00e9curit\u00e9, la vid\u00e9osurveillance n\u2019est pas une prestation technique d\u2019installation. C\u2019est un outil de travail, utilis\u00e9 par nos agents pour mieux analyser les situations, gagner en r\u00e9activit\u00e9 et compl\u00e9ter la pr\u00e9sence humaine sur le terrain.<\/p>\n\n\n\n<p class=\"has-text-align-center animated zoomIn slow has-text-color has-montserrat-font-family\" style=\"color:#001211;font-size:clamp(14px, 0.875rem + ((1vw - 3.2px) * 0.114), 15px);font-style:normal;font-weight:100\">Les cam\u00e9ras permettent d\u2019avoir une vision d\u2019ensemble d\u2019un site et d\u2019appuyer les actions men\u00e9es par nos \u00e9quipes, toujours dans le respect du cadre l\u00e9gal.<\/p>\n<\/div>\n\n\n\n<div class=\"wp-block-group alignwide has-global-padding is-layout-constrained wp-container-core-group-is-layout-4383d167 wp-block-group-is-layout-constrained\">\n<div class=\"wp-block-columns alignwide animated zoomIn slow is-layout-flex wp-container-core-columns-is-layout-8bdd8642 wp-block-columns-is-layout-flex\" style=\"padding-top:20px;padding-right:20px;padding-bottom:20px;padding-left:20px\">\n<div class=\"wp-block-column is-layout-flow wp-container-core-column-is-layout-128d91dc wp-block-column-is-layout-flow\" style=\"padding-right:1rem;padding-bottom:2rem;padding-left:1rem\">\n<figure class=\"wp-block-image aligncenter size-full is-resized has-custom-border\"><img loading=\"lazy\" decoding=\"async\" width=\"800\" height=\"533\" src=\"http:\/\/neosud-securite.fr\/wp-content\/uploads\/2026\/01\/ChatGPT-Image-10-janv.-2026-18_51_46.jpg\" alt=\"\" class=\"wp-image-611\" style=\"border-top-left-radius:17px;border-top-right-radius:17px;border-bottom-left-radius:17px;border-bottom-right-radius:17px;box-shadow:12px 12px 50px rgba(0, 0, 0, 0.4);aspect-ratio:3\/2;object-fit:cover;width:380px\" srcset=\"https:\/\/neosud-securite.fr\/wp-content\/uploads\/2026\/01\/ChatGPT-Image-10-janv.-2026-18_51_46.jpg 800w, https:\/\/neosud-securite.fr\/wp-content\/uploads\/2026\/01\/ChatGPT-Image-10-janv.-2026-18_51_46-300x200.jpg 300w, https:\/\/neosud-securite.fr\/wp-content\/uploads\/2026\/01\/ChatGPT-Image-10-janv.-2026-18_51_46-768x512.jpg 768w\" sizes=\"auto, (max-width: 800px) 100vw, 800px\" \/><\/figure>\n<\/div>\n\n\n\n<div class=\"wp-block-column is-layout-flow wp-container-core-column-is-layout-128d91dc wp-block-column-is-layout-flow\" style=\"padding-right:1rem;padding-bottom:2rem;padding-left:1rem\">\n<figure class=\"wp-block-image aligncenter size-full is-resized has-custom-border\"><img loading=\"lazy\" decoding=\"async\" width=\"800\" height=\"1200\" src=\"https:\/\/neosud-securite.fr\/wp-content\/uploads\/2026\/01\/pc-secu.jpg\" alt=\"\" class=\"wp-image-978\" style=\"border-top-left-radius:17px;border-top-right-radius:17px;border-bottom-left-radius:17px;border-bottom-right-radius:17px;box-shadow:12px 12px 50px rgba(0, 0, 0, 0.4);aspect-ratio:3\/2;object-fit:cover;width:380px\" srcset=\"https:\/\/neosud-securite.fr\/wp-content\/uploads\/2026\/01\/pc-secu.jpg 800w, https:\/\/neosud-securite.fr\/wp-content\/uploads\/2026\/01\/pc-secu-200x300.jpg 200w, https:\/\/neosud-securite.fr\/wp-content\/uploads\/2026\/01\/pc-secu-683x1024.jpg 683w, https:\/\/neosud-securite.fr\/wp-content\/uploads\/2026\/01\/pc-secu-768x1152.jpg 768w\" sizes=\"auto, (max-width: 800px) 100vw, 800px\" \/><\/figure>\n<\/div>\n<\/div>\n<\/div>\n\n\n\n<p class=\"has-text-align-center animated zoomIn slow has-text-color has-montserrat-font-family\" style=\"color:#001211;font-size:clamp(14px, 0.875rem + ((1vw - 3.2px) * 0.114), 15px);font-style:normal;font-weight:100\">La vid\u00e9osurveillance vient renforcer le travail des agents de s\u00e9curit\u00e9. Elle permet notamment de v\u00e9rifier une situation \u00e0 distance, lever un doute, surveiller des zones sensibles et disposer d\u2019\u00e9l\u00e9ments factuels en cas d\u2019incident.<\/p>\n\n\n\n<p class=\"has-text-align-center animated zoomIn slow has-text-color has-montserrat-font-family\" style=\"color:#001211;font-size:clamp(14px, 0.875rem + ((1vw - 3.2px) * 0.114), 15px);font-style:normal;font-weight:100\">Elle ne remplace jamais l\u2019agent sur le terrain, mais l\u2019aide \u00e0 prendre les bonnes d\u00e9cisions, au bon moment.<\/p>\n\n\n\n<p class=\"has-text-align-center animated zoomIn slow has-text-color has-montserrat-font-family\" style=\"color:#001211;font-size:clamp(14px, 0.875rem + ((1vw - 3.2px) * 0.114), 15px);font-style:normal;font-weight:100\">Lorsque nos agents utilisent un syst\u00e8me de vid\u00e9osurveillance existant, ils le font selon les consignes du site et la r\u00e9glementation en vigueur. Nous veillons notamment au respect de la vie priv\u00e9e, des r\u00e8gles d\u2019acc\u00e8s aux images et des proc\u00e9dures d\u00e9finies par le client ou l\u2019exploitant du site. Nos agents sont form\u00e9s \u00e0 une utilisation responsable et professionnelle de cet outil. <\/p>\n\n\n\n<div class=\"wp-block-group alignfull has-background has-global-padding is-layout-constrained wp-container-core-group-is-layout-82413add wp-block-group-is-layout-constrained\" style=\"background-color:#f5ece4db;padding-top:5.01rem;padding-right:20px;padding-bottom:18px;padding-left:20px\">\n<div class=\"wp-block-group has-global-padding is-layout-constrained wp-block-group-is-layout-constrained\">\n<figure class=\"wp-block-image size-full has-custom-border animated zoomIn slow\" style=\"color:#3c3123;font-size:clamp(14px, 0.875rem + ((1vw - 3.2px) * 0.341), 17px);font-style:normal;font-weight:100\"><img loading=\"lazy\" decoding=\"async\" width=\"800\" height=\"450\" src=\"https:\/\/neosud-securite.fr\/wp-content\/uploads\/2026\/02\/ChatGPT-Image-10-janv.-2026-18_42_13-edited.jpg\" alt=\"\" class=\"wp-image-1313\" style=\"border-top-left-radius:17px;border-top-right-radius:17px;border-bottom-left-radius:17px;border-bottom-right-radius:17px;box-shadow:12px 12px 50px rgba(0, 0, 0, 0.4);aspect-ratio:16\/9;object-fit:cover\" srcset=\"https:\/\/neosud-securite.fr\/wp-content\/uploads\/2026\/02\/ChatGPT-Image-10-janv.-2026-18_42_13-edited.jpg 800w, https:\/\/neosud-securite.fr\/wp-content\/uploads\/2026\/02\/ChatGPT-Image-10-janv.-2026-18_42_13-edited-300x169.jpg 300w, https:\/\/neosud-securite.fr\/wp-content\/uploads\/2026\/02\/ChatGPT-Image-10-janv.-2026-18_42_13-edited-768x432.jpg 768w\" sizes=\"auto, (max-width: 800px) 100vw, 800px\" \/><\/figure>\n<\/div>\n\n\n\n<p class=\"has-text-align-center animated zoomIn slow has-text-color has-montserrat-font-family\" id=\"every-so-often-amid-the-routine-of-daily-life-love-presents-us-with-a-storybook-tale\" style=\"color:#001211;padding-right:30px;padding-left:30px;font-size:clamp(14px, 0.875rem + ((1vw - 3.2px) * 0.114), 15px);font-style:normal;font-weight:100\">La vid\u00e9osurveillance est souvent utilis\u00e9e pour appuyer la surveillance et le gardiennage, les rondes et interventions, la lev\u00e9e de doute sur alarme et la s\u00e9curisation des lieux apr\u00e8s un incident. Elle permet de mieux coordonner les actions et, si n\u00e9cessaire, de d\u00e9clencher une intervention rapide et adapt\u00e9e, selon les proc\u00e9dures d\u00e9finies. Nous intervenons uniquement sur des syst\u00e8mes d\u00e9j\u00e0 en place, dans le cadre d\u2019une organisation globale de s\u00e9curit\u00e9 d\u00e9finie avec le client. Notre r\u00f4le est d\u2019utiliser les outils existants de mani\u00e8re coh\u00e9rente, efficace et conforme, afin de renforcer la s\u00e9curit\u00e9 du site sans alourdir le dispositif.<\/p>\n<\/div>\n<\/div>\n<\/div>\n","protected":false},"excerpt":{"rendered":"<p>Chez N\u00e9o Sud S\u00e9curit\u00e9, la vid\u00e9osurveillance n\u2019est pas une prestation technique d\u2019installation. C\u2019est un outil de travail, utilis\u00e9 par nos agents pour mieux analyser les situations, gagner en r\u00e9activit\u00e9 et compl\u00e9ter la pr\u00e9sence humaine sur le terrain. Les cam\u00e9ras permettent d\u2019avoir une vision d\u2019ensemble d\u2019un site et d\u2019appuyer les actions men\u00e9es par nos \u00e9quipes, toujours [&hellip;]<\/p>\n","protected":false},"author":1,"featured_media":0,"parent":0,"menu_order":0,"comment_status":"closed","ping_status":"closed","template":"","meta":{"_themeisle_gutenberg_block_has_review":false,"footnotes":""},"class_list":["post-103","page","type-page","status-publish","hentry"],"pbg_featured_image_src":{"full":false,"thumbnail":false,"medium":false,"medium_large":false,"large":false,"1536x1536":false,"2048x2048":false},"pbg_author_info":{"display_name":"Na\u00efs","author_link":"https:\/\/neosud-securite.fr\/?author=1","author_img":"<img alt='Na\u00efs' src='https:\/\/secure.gravatar.com\/avatar\/8301fb24955bd9385faff89fcac2872a4f49296e2933e12fdf7f85052f51cc1a?s=128&#038;d=mm&#038;r=g' srcset='https:\/\/secure.gravatar.com\/avatar\/8301fb24955bd9385faff89fcac2872a4f49296e2933e12fdf7f85052f51cc1a?s=256&#038;d=mm&#038;r=g 2x' class='avatar avatar-128 photo' height='128' width='128' loading='lazy' decoding='async'\/>"},"pbg_comment_info":" No Comments","pbg_excerpt":"Chez N\u00e9o Sud S\u00e9curit\u00e9, la vid\u00e9osurveillance n\u2019est pas une prestation technique d\u2019installation. C\u2019est un outil de travail, utilis\u00e9 par nos agents pour mieux analyser les situations, gagner en r\u00e9activit\u00e9 et compl\u00e9ter la pr\u00e9sence humaine sur le terrain. Les cam\u00e9ras permettent d\u2019avoir une vision d\u2019ensemble d\u2019un site et d\u2019appuyer les actions men\u00e9es par nos \u00e9quipes, toujours\u2026","_links":{"self":[{"href":"https:\/\/neosud-securite.fr\/index.php?rest_route=\/wp\/v2\/pages\/103","targetHints":{"allow":["GET"]}}],"collection":[{"href":"https:\/\/neosud-securite.fr\/index.php?rest_route=\/wp\/v2\/pages"}],"about":[{"href":"https:\/\/neosud-securite.fr\/index.php?rest_route=\/wp\/v2\/types\/page"}],"author":[{"embeddable":true,"href":"https:\/\/neosud-securite.fr\/index.php?rest_route=\/wp\/v2\/users\/1"}],"replies":[{"embeddable":true,"href":"https:\/\/neosud-securite.fr\/index.php?rest_route=%2Fwp%2Fv2%2Fcomments&post=103"}],"version-history":[{"count":40,"href":"https:\/\/neosud-securite.fr\/index.php?rest_route=\/wp\/v2\/pages\/103\/revisions"}],"predecessor-version":[{"id":1390,"href":"https:\/\/neosud-securite.fr\/index.php?rest_route=\/wp\/v2\/pages\/103\/revisions\/1390"}],"wp:attachment":[{"href":"https:\/\/neosud-securite.fr\/index.php?rest_route=%2Fwp%2Fv2%2Fmedia&parent=103"}],"curies":[{"name":"wp","href":"https:\/\/api.w.org\/{rel}","templated":true}]}}