{"id":102,"date":"2025-12-24T15:28:20","date_gmt":"2025-12-24T15:28:20","guid":{"rendered":"https:\/\/neosud-securite.fr\/?page_id=102"},"modified":"2026-02-19T14:28:00","modified_gmt":"2026-02-19T13:28:00","slug":"conducteur-canin","status":"publish","type":"page","link":"https:\/\/neosud-securite.fr\/?page_id=102","title":{"rendered":"Conducteur canin"},"content":{"rendered":"\n<div class=\"wp-block-cover alignfull\" style=\"margin-top:0;margin-bottom:0;padding-top:60px;padding-bottom:60px;min-height:360px;aspect-ratio:unset;\"><img loading=\"lazy\" decoding=\"async\" width=\"1024\" height=\"333\" class=\"wp-block-cover__image-background wp-image-1220 size-large\" alt=\"\" src=\"https:\/\/neosud-securite.fr\/wp-content\/uploads\/2026\/02\/Sans-titre-1024x333.png\" data-object-fit=\"cover\" srcset=\"https:\/\/neosud-securite.fr\/wp-content\/uploads\/2026\/02\/Sans-titre-1024x333.png 1024w, https:\/\/neosud-securite.fr\/wp-content\/uploads\/2026\/02\/Sans-titre-300x98.png 300w, https:\/\/neosud-securite.fr\/wp-content\/uploads\/2026\/02\/Sans-titre-768x250.png 768w, https:\/\/neosud-securite.fr\/wp-content\/uploads\/2026\/02\/Sans-titre-1536x500.png 1536w, https:\/\/neosud-securite.fr\/wp-content\/uploads\/2026\/02\/Sans-titre-2048x666.png 2048w\" sizes=\"auto, (max-width: 1024px) 100vw, 1024px\" \/><span aria-hidden=\"true\" class=\"wp-block-cover__background has-background-dim-0 has-background-dim\" style=\"background-color:#e9ceb0\"><\/span><div class=\"wp-block-cover__inner-container has-global-padding is-layout-constrained wp-container-core-cover-is-layout-c70e00cc wp-block-cover-is-layout-constrained\">\n<div style=\"height:150px\" aria-hidden=\"true\" class=\"wp-block-spacer\"><\/div>\n\n\n\n<h2 class=\"wp-block-heading has-text-align-center\" style=\"font-size:clamp(35.641px, 2.228rem + ((1vw - 3.2px) * 3.336), 65px);\">Conducteur canin<\/h2>\n<\/div><\/div>\n\n\n\n<div class=\"wp-block-group alignfull has-global-padding is-layout-constrained wp-container-core-group-is-layout-4b8d646c wp-block-group-is-layout-constrained\" style=\"margin-top:0;margin-bottom:0;padding-top:60px;padding-right:40px;padding-bottom:0px;padding-left:40px\">\n<div class=\"wp-block-group is-vertical is-layout-flex wp-container-core-group-is-layout-fe9cc265 wp-block-group-is-layout-flex\">\n<p class=\"has-text-align-center animated zoomIn slow has-text-color has-montserrat-font-family\" style=\"color:#001211;font-size:clamp(14px, 0.875rem + ((1vw - 3.2px) * 0.114), 15px);font-style:normal;font-weight:100\">Le conducteur canin travaille avec son chien comme avec un v\u00e9ritable partenaire. Ce n\u2019est pas un outil, ni un simple renfort visuel, mais un bin\u00f4me form\u00e9, entra\u00een\u00e9 et habitu\u00e9 \u00e0 travailler ensemble, dans des contextes parfois sensibles.<\/p>\n\n\n\n<p class=\"has-text-align-center animated zoomIn slow has-text-color has-montserrat-font-family\" id=\"world-change-is-achievable-history-attests-to-our-success\" style=\"color:#001211;font-size:clamp(14px, 0.875rem + ((1vw - 3.2px) * 0.114), 15px);font-style:normal;font-weight:100\">Chez N\u00e9o Sud S\u00e9curit\u00e9, le conducteur canin intervient pour renforcer la s\u00e9curit\u00e9 d\u2019un site lorsque la pr\u00e9sence humaine seule ne suffit pas. Le bin\u00f4me ma\u00eetre-chien apporte une dissuasion naturelle.<\/p>\n\n\n\n<p class=\"has-text-align-center animated zoomIn slow has-text-color has-montserrat-font-family\" id=\"world-change-is-achievable-history-attests-to-our-success\" style=\"color:#001211;font-size:clamp(14px, 0.875rem + ((1vw - 3.2px) * 0.114), 15px);font-style:normal;font-weight:100\">La pr\u00e9sence du chien permet de limiter les intrusions, de s\u00e9curiser de grands espaces et de rassurer sur des sites isol\u00e9s ou sensibles. Le conducteur reste en permanence ma\u00eetre de la situation. Il observe, analyse et d\u00e9cide, tandis que le chien intervient uniquement dans le cadre strict des consignes et de la r\u00e9glementation.<\/p>\n<\/div>\n\n\n\n<div class=\"wp-block-group alignwide has-global-padding is-layout-constrained wp-container-core-group-is-layout-4383d167 wp-block-group-is-layout-constrained\">\n<div class=\"wp-block-columns alignwide is-layout-flex wp-container-core-columns-is-layout-8bdd8642 wp-block-columns-is-layout-flex\" style=\"padding-top:20px;padding-right:20px;padding-bottom:20px;padding-left:20px\">\n<div class=\"wp-block-column is-layout-flow wp-container-core-column-is-layout-128d91dc wp-block-column-is-layout-flow\" style=\"padding-right:1rem;padding-bottom:2rem;padding-left:1rem\">\n<figure class=\"wp-block-image aligncenter size-full is-resized has-custom-border animated zoomIn slow\"><img loading=\"lazy\" decoding=\"async\" width=\"1536\" height=\"1024\" src=\"http:\/\/neosud-securite.fr\/wp-content\/uploads\/2026\/01\/ChatGPT-Image-3-janv.-2026-12_03_54.png\" alt=\"\" class=\"wp-image-269\" style=\"border-top-left-radius:17px;border-top-right-radius:17px;border-bottom-left-radius:17px;border-bottom-right-radius:17px;box-shadow:12px 12px 50px rgba(0, 0, 0, 0.4);aspect-ratio:3\/2;object-fit:cover;width:380px\" srcset=\"https:\/\/neosud-securite.fr\/wp-content\/uploads\/2026\/01\/ChatGPT-Image-3-janv.-2026-12_03_54.png 1536w, https:\/\/neosud-securite.fr\/wp-content\/uploads\/2026\/01\/ChatGPT-Image-3-janv.-2026-12_03_54-300x200.png 300w, https:\/\/neosud-securite.fr\/wp-content\/uploads\/2026\/01\/ChatGPT-Image-3-janv.-2026-12_03_54-1024x683.png 1024w, https:\/\/neosud-securite.fr\/wp-content\/uploads\/2026\/01\/ChatGPT-Image-3-janv.-2026-12_03_54-768x512.png 768w\" sizes=\"auto, (max-width: 1536px) 100vw, 1536px\" \/><\/figure>\n<\/div>\n\n\n\n<div class=\"wp-block-column is-layout-flow wp-container-core-column-is-layout-128d91dc wp-block-column-is-layout-flow\" style=\"padding-right:1rem;padding-bottom:2rem;padding-left:1rem\">\n<figure class=\"wp-block-image aligncenter size-full is-resized has-custom-border animated zoomIn slow\"><img loading=\"lazy\" decoding=\"async\" width=\"1024\" height=\"683\" src=\"https:\/\/neosud-securite.fr\/wp-content\/uploads\/2026\/02\/MC-edited.png\" alt=\"\" class=\"wp-image-1303\" style=\"border-top-left-radius:17px;border-top-right-radius:17px;border-bottom-left-radius:17px;border-bottom-right-radius:17px;box-shadow:12px 12px 50px rgba(0, 0, 0, 0.4);aspect-ratio:3\/2;object-fit:cover;width:380px\" srcset=\"https:\/\/neosud-securite.fr\/wp-content\/uploads\/2026\/02\/MC-edited.png 1024w, https:\/\/neosud-securite.fr\/wp-content\/uploads\/2026\/02\/MC-edited-300x200.png 300w, https:\/\/neosud-securite.fr\/wp-content\/uploads\/2026\/02\/MC-edited-768x512.png 768w\" sizes=\"auto, (max-width: 1024px) 100vw, 1024px\" \/><\/figure>\n<\/div>\n<\/div>\n<\/div>\n\n\n\n<p class=\"has-text-align-center animated zoomIn slow has-text-color has-montserrat-font-family\" style=\"color:#001211;font-size:clamp(14px, 0.875rem + ((1vw - 3.2px) * 0.114), 15px);font-style:normal;font-weight:100\">Le conducteur canin peut intervenir notamment pour la surveillance de sites \u00e9tendus ou isol\u00e9s, la protection de chantiers, la s\u00e9curisation de zones sensibles, les rondes dissuasives et le renfort ponctuel d\u2019un dispositif de s\u00e9curit\u00e9 existant. Chaque mission est pr\u00e9par\u00e9e en amont. Les consignes sont claires, adapt\u00e9es au site et connues du bin\u00f4me.<\/p>\n\n\n\n<p class=\"has-text-align-center animated zoomIn slow has-text-color has-montserrat-font-family\" style=\"color:#001211;font-size:clamp(14px, 0.875rem + ((1vw - 3.2px) * 0.114), 15px);font-style:normal;font-weight:100\">Contrairement aux id\u00e9es re\u00e7ues, le chien n\u2019agit jamais de mani\u00e8re autonome. Il est constamment sous le contr\u00f4le de son conducteur, qui reste responsable de chaque d\u00e9cision prise sur le terrain. <\/p>\n\n\n\n<p class=\"has-text-align-center animated zoomIn slow has-text-color has-montserrat-font-family\" style=\"color:#001211;font-size:clamp(14px, 0.875rem + ((1vw - 3.2px) * 0.114), 15px);font-style:normal;font-weight:100\">Le bin\u00f4me intervient avec discernement, en privil\u00e9giant la pr\u00e9vention et la dissuasion. En cas de situation particuli\u00e8re, le conducteur agit rapidement, selon les proc\u00e9dures d\u00e9finies, et alerte les services comp\u00e9tents si n\u00e9cessaire.<\/p>\n\n\n\n<div class=\"wp-block-group alignfull has-background has-global-padding is-layout-constrained wp-container-core-group-is-layout-a2682d4b wp-block-group-is-layout-constrained\" style=\"background-color:#f5ece4db;padding-top:5.01rem;padding-right:var(--wp--preset--spacing--40);padding-bottom:6.1rem;padding-left:var(--wp--preset--spacing--40)\">\n<div class=\"wp-block-group has-global-padding is-layout-constrained wp-block-group-is-layout-constrained\">\n<figure class=\"wp-block-image size-large has-custom-border animated zoomIn slow\"><img loading=\"lazy\" decoding=\"async\" width=\"1536\" height=\"864\" src=\"https:\/\/neosud-securite.fr\/wp-content\/uploads\/2026\/02\/cyno-edited.png\" alt=\"\" class=\"wp-image-1307\" style=\"border-top-left-radius:17px;border-top-right-radius:17px;border-bottom-left-radius:17px;border-bottom-right-radius:17px;box-shadow:12px 12px 50px rgba(0, 0, 0, 0.4);aspect-ratio:16\/9;object-fit:cover\" srcset=\"https:\/\/neosud-securite.fr\/wp-content\/uploads\/2026\/02\/cyno-edited.png 1536w, https:\/\/neosud-securite.fr\/wp-content\/uploads\/2026\/02\/cyno-edited-300x169.png 300w, https:\/\/neosud-securite.fr\/wp-content\/uploads\/2026\/02\/cyno-edited-1024x576.png 1024w, https:\/\/neosud-securite.fr\/wp-content\/uploads\/2026\/02\/cyno-edited-768x432.png 768w\" sizes=\"auto, (max-width: 1536px) 100vw, 1536px\" \/><\/figure>\n<\/div>\n\n\n\n<p class=\"has-text-align-center animated zoomIn slow has-text-color has-montserrat-font-family\" id=\"every-so-often-amid-the-routine-of-daily-life-love-presents-us-with-a-storybook-tale\" style=\"color:#001211;padding-right:30px;padding-left:30px;font-size:clamp(14px, 0.875rem + ((1vw - 3.2px) * 0.114), 15px);font-style:normal;font-weight:100\">Le recours \u00e0 un conducteur canin est particuli\u00e8rement pertinent pour les sites industriels, les chantiers, les zones peu fr\u00e9quent\u00e9es, les espaces ext\u00e9rieurs \u00e9tendus et les sites \u00e0 risques sp\u00e9cifiques. C\u2019est une solution efficace, sans exc\u00e8s, qui s\u2019int\u00e8gre dans une organisation globale de s\u00e9curit\u00e9. <\/p>\n\n\n\n<p class=\"has-text-align-center animated zoomIn slow has-text-color has-montserrat-font-family\" id=\"every-so-often-amid-the-routine-of-daily-life-love-presents-us-with-a-storybook-tale\" style=\"color:#001211;padding-right:30px;padding-left:30px;font-size:clamp(14px, 0.875rem + ((1vw - 3.2px) * 0.114), 15px);font-style:normal;font-weight:100\">Chez N\u00e9o Sud S\u00e9curit\u00e9, nos conducteurs canins sont form\u00e9s, encadr\u00e9s et respectent strictement le cadre l\u00e9gal de la s\u00e9curit\u00e9 priv\u00e9e. Le bien-\u00eatre du chien, sa formation continue et la qualit\u00e9 du travail en bin\u00f4me font partie int\u00e9grante de notre engagement.<\/p>\n<\/div>\n<\/div>\n","protected":false},"excerpt":{"rendered":"<p>Le conducteur canin travaille avec son chien comme avec un v\u00e9ritable partenaire. Ce n\u2019est pas un outil, ni un simple renfort visuel, mais un bin\u00f4me form\u00e9, entra\u00een\u00e9 et habitu\u00e9 \u00e0 travailler ensemble, dans des contextes parfois sensibles. Chez N\u00e9o Sud S\u00e9curit\u00e9, le conducteur canin intervient pour renforcer la s\u00e9curit\u00e9 d\u2019un site lorsque la pr\u00e9sence humaine [&hellip;]<\/p>\n","protected":false},"author":1,"featured_media":0,"parent":0,"menu_order":0,"comment_status":"closed","ping_status":"closed","template":"","meta":{"_themeisle_gutenberg_block_has_review":false,"footnotes":""},"class_list":["post-102","page","type-page","status-publish","hentry"],"pbg_featured_image_src":{"full":false,"thumbnail":false,"medium":false,"medium_large":false,"large":false,"1536x1536":false,"2048x2048":false},"pbg_author_info":{"display_name":"Na\u00efs","author_link":"https:\/\/neosud-securite.fr\/?author=1","author_img":"<img alt='Na\u00efs' src='https:\/\/secure.gravatar.com\/avatar\/8301fb24955bd9385faff89fcac2872a4f49296e2933e12fdf7f85052f51cc1a?s=128&#038;d=mm&#038;r=g' srcset='https:\/\/secure.gravatar.com\/avatar\/8301fb24955bd9385faff89fcac2872a4f49296e2933e12fdf7f85052f51cc1a?s=256&#038;d=mm&#038;r=g 2x' class='avatar avatar-128 photo' height='128' width='128' loading='lazy' decoding='async'\/>"},"pbg_comment_info":" No Comments","pbg_excerpt":"Le conducteur canin travaille avec son chien comme avec un v\u00e9ritable partenaire. Ce n\u2019est pas un outil, ni un simple renfort visuel, mais un bin\u00f4me form\u00e9, entra\u00een\u00e9 et habitu\u00e9 \u00e0 travailler ensemble, dans des contextes parfois sensibles. Chez N\u00e9o Sud S\u00e9curit\u00e9, le conducteur canin intervient pour renforcer la s\u00e9curit\u00e9 d\u2019un site lorsque la pr\u00e9sence humaine\u2026","_links":{"self":[{"href":"https:\/\/neosud-securite.fr\/index.php?rest_route=\/wp\/v2\/pages\/102","targetHints":{"allow":["GET"]}}],"collection":[{"href":"https:\/\/neosud-securite.fr\/index.php?rest_route=\/wp\/v2\/pages"}],"about":[{"href":"https:\/\/neosud-securite.fr\/index.php?rest_route=\/wp\/v2\/types\/page"}],"author":[{"embeddable":true,"href":"https:\/\/neosud-securite.fr\/index.php?rest_route=\/wp\/v2\/users\/1"}],"replies":[{"embeddable":true,"href":"https:\/\/neosud-securite.fr\/index.php?rest_route=%2Fwp%2Fv2%2Fcomments&post=102"}],"version-history":[{"count":22,"href":"https:\/\/neosud-securite.fr\/index.php?rest_route=\/wp\/v2\/pages\/102\/revisions"}],"predecessor-version":[{"id":1308,"href":"https:\/\/neosud-securite.fr\/index.php?rest_route=\/wp\/v2\/pages\/102\/revisions\/1308"}],"wp:attachment":[{"href":"https:\/\/neosud-securite.fr\/index.php?rest_route=%2Fwp%2Fv2%2Fmedia&parent=102"}],"curies":[{"name":"wp","href":"https:\/\/api.w.org\/{rel}","templated":true}]}}