{"id":100,"date":"2025-12-24T15:27:39","date_gmt":"2025-12-24T15:27:39","guid":{"rendered":"https:\/\/neosud-securite.fr\/?page_id=100"},"modified":"2026-02-19T13:49:47","modified_gmt":"2026-02-19T12:49:47","slug":"rondier-intervenant","status":"publish","type":"page","link":"https:\/\/neosud-securite.fr\/?page_id=100","title":{"rendered":"Rondier intervenant"},"content":{"rendered":"\n<div class=\"wp-block-cover alignfull\" style=\"margin-top:0;margin-bottom:0;padding-top:60px;padding-bottom:60px;min-height:360px;aspect-ratio:unset;\"><img loading=\"lazy\" decoding=\"async\" width=\"1024\" height=\"333\" class=\"wp-block-cover__image-background wp-image-1220 size-large\" alt=\"\" src=\"https:\/\/neosud-securite.fr\/wp-content\/uploads\/2026\/02\/Sans-titre-1024x333.png\" data-object-fit=\"cover\" srcset=\"https:\/\/neosud-securite.fr\/wp-content\/uploads\/2026\/02\/Sans-titre-1024x333.png 1024w, https:\/\/neosud-securite.fr\/wp-content\/uploads\/2026\/02\/Sans-titre-300x98.png 300w, https:\/\/neosud-securite.fr\/wp-content\/uploads\/2026\/02\/Sans-titre-768x250.png 768w, https:\/\/neosud-securite.fr\/wp-content\/uploads\/2026\/02\/Sans-titre-1536x500.png 1536w, https:\/\/neosud-securite.fr\/wp-content\/uploads\/2026\/02\/Sans-titre-2048x666.png 2048w\" sizes=\"auto, (max-width: 1024px) 100vw, 1024px\" \/><span aria-hidden=\"true\" class=\"wp-block-cover__background has-background-dim-0 has-background-dim\" style=\"background-color:#e9ceb0\"><\/span><div class=\"wp-block-cover__inner-container has-global-padding is-layout-constrained wp-container-core-cover-is-layout-c70e00cc wp-block-cover-is-layout-constrained\">\n<div style=\"height:150px\" aria-hidden=\"true\" class=\"wp-block-spacer\"><\/div>\n\n\n\n<h2 class=\"wp-block-heading has-text-align-center\" style=\"font-size:clamp(35.641px, 2.228rem + ((1vw - 3.2px) * 3.336), 65px);\">Rondier intervenant<\/h2>\n<\/div><\/div>\n\n\n\n<div class=\"wp-block-group alignfull has-global-padding is-layout-constrained wp-container-core-group-is-layout-4b8d646c wp-block-group-is-layout-constrained\" style=\"margin-top:0;margin-bottom:0;padding-top:60px;padding-right:40px;padding-bottom:0px;padding-left:40px\">\n<div class=\"wp-block-group is-vertical is-layout-flex wp-container-core-group-is-layout-fe9cc265 wp-block-group-is-layout-flex\" style=\"font-size:clamp(14px, 0.875rem + ((1vw - 3.2px) * 0.114), 15px);\">\n<p class=\"has-text-align-center animated zoomIn slow has-text-color has-montserrat-font-family\" style=\"color:#001211;font-size:clamp(14px, 0.875rem + ((1vw - 3.2px) * 0.114), 15px);font-style:normal;font-weight:100\">Le service de rondier intervenant s\u2019adresse aussi bien aux entreprises, aux commerces, aux chantiers, aux immeubles et parkings, qu\u2019aux collectivit\u00e9s. C\u2019est une solution id\u00e9ale pour renforcer la s\u00e9curit\u00e9 d\u2019un site, sans imposer une pr\u00e9sence permanente, tout en conservant une capacit\u00e9 d\u2019intervention rapide et organis\u00e9e.<br>Chez N\u00e9o Sud S\u00e9curit\u00e9, chaque prestation est suivie. Les interventions font l\u2019objet de comptes rendus clairs, permettant au client de savoir ce qui a \u00e9t\u00e9 constat\u00e9 et effectu\u00e9.<\/p>\n\n\n\n<p class=\"has-text-align-center animated zoomIn slow has-text-color has-montserrat-font-family\" style=\"color:#001211;font-size:clamp(14px, 0.875rem + ((1vw - 3.2px) * 0.114), 15px);font-style:normal;font-weight:100\">Notre objectif est simple : assurer une surveillance efficace, rassurante et coh\u00e9rente, bas\u00e9e sur la confiance, la communication et la connaissance r\u00e9elle du terrain. Le rondier intervenant intervient l\u00e0 o\u00f9 une pr\u00e9sence permanente n\u2019est pas toujours n\u00e9cessaire, mais o\u00f9 la vigilance reste indispensable.<\/p>\n\n\n\n<p class=\"has-text-align-center animated zoomIn slow has-text-color has-montserrat-font-family\" style=\"color:#001211;font-size:clamp(14px, 0.875rem + ((1vw - 3.2px) * 0.114), 15px);font-style:normal;font-weight:100\">Son r\u00f4le est d\u2019assurer des passages r\u00e9guliers, de v\u00e9rifier que tout est en ordre et d\u2019intervenir rapidement, selon les proc\u00e9dures d\u00e9finies, lorsqu\u2019une situation l\u2019exige. Chez N\u00e9o Sud S\u00e9curit\u00e9, le rondier est avant tout un professionnel de terrain, discret, attentif et r\u00e9actif, qui conna\u00eet les sites qu\u2019il surveille et les consignes \u00e0 appliquer.<\/p>\n<\/div>\n\n\n\n<div class=\"wp-block-group alignwide animated zoomIn slow delay-500ms has-global-padding is-layout-constrained wp-container-core-group-is-layout-4383d167 wp-block-group-is-layout-constrained\">\n<div class=\"wp-block-columns alignwide animated zoomIn slow is-layout-flex wp-container-core-columns-is-layout-8bdd8642 wp-block-columns-is-layout-flex\" style=\"padding-top:20px;padding-right:20px;padding-bottom:20px;padding-left:20px\">\n<div class=\"wp-block-column is-layout-flow wp-container-core-column-is-layout-128d91dc wp-block-column-is-layout-flow\" style=\"padding-right:1rem;padding-bottom:2rem;padding-left:1rem\">\n<figure class=\"wp-block-image aligncenter size-full is-resized has-custom-border\"><img loading=\"lazy\" decoding=\"async\" width=\"2048\" height=\"1365\" src=\"https:\/\/neosud-securite.fr\/wp-content\/uploads\/2026\/02\/IMG_1011-edited.jpg\" alt=\"\" class=\"wp-image-1275\" style=\"border-style:none;border-width:0px;border-top-left-radius:17px;border-top-right-radius:17px;border-bottom-left-radius:17px;border-bottom-right-radius:17px;box-shadow:12px 12px 50px rgba(0, 0, 0, 0.4);aspect-ratio:3\/2;object-fit:cover;width:380px\" srcset=\"https:\/\/neosud-securite.fr\/wp-content\/uploads\/2026\/02\/IMG_1011-edited.jpg 2048w, https:\/\/neosud-securite.fr\/wp-content\/uploads\/2026\/02\/IMG_1011-edited-300x200.jpg 300w, https:\/\/neosud-securite.fr\/wp-content\/uploads\/2026\/02\/IMG_1011-edited-1024x683.jpg 1024w, https:\/\/neosud-securite.fr\/wp-content\/uploads\/2026\/02\/IMG_1011-edited-768x512.jpg 768w, https:\/\/neosud-securite.fr\/wp-content\/uploads\/2026\/02\/IMG_1011-edited-1536x1024.jpg 1536w\" sizes=\"auto, (max-width: 2048px) 100vw, 2048px\" \/><\/figure>\n<\/div>\n\n\n\n<div class=\"wp-block-column is-layout-flow wp-container-core-column-is-layout-128d91dc wp-block-column-is-layout-flow\" style=\"padding-right:1rem;padding-bottom:2rem;padding-left:1rem\">\n<figure class=\"wp-block-image aligncenter size-full is-resized has-custom-border\"><img loading=\"lazy\" decoding=\"async\" width=\"1024\" height=\"683\" src=\"https:\/\/neosud-securite.fr\/wp-content\/uploads\/2026\/02\/voiture-edited.png\" alt=\"\" class=\"wp-image-1276\" style=\"border-style:none;border-width:0px;border-top-left-radius:17px;border-top-right-radius:17px;border-bottom-left-radius:17px;border-bottom-right-radius:17px;box-shadow:12px 12px 50px rgba(0, 0, 0, 0.4);aspect-ratio:3\/2;object-fit:cover;width:380px\" srcset=\"https:\/\/neosud-securite.fr\/wp-content\/uploads\/2026\/02\/voiture-edited.png 1024w, https:\/\/neosud-securite.fr\/wp-content\/uploads\/2026\/02\/voiture-edited-300x200.png 300w, https:\/\/neosud-securite.fr\/wp-content\/uploads\/2026\/02\/voiture-edited-768x512.png 768w\" sizes=\"auto, (max-width: 1024px) 100vw, 1024px\" \/><\/figure>\n<\/div>\n<\/div>\n<\/div>\n\n\n\n<p class=\"has-text-align-center animated zoomIn slow has-text-color has-montserrat-font-family\" style=\"color:#001211;font-size:clamp(14px, 0.875rem + ((1vw - 3.2px) * 0.114), 15px);font-style:normal;font-weight:100\">Les rondes sont organis\u00e9es de mani\u00e8re \u00e0 rester efficaces et dissuasives. Le rondier ne se contente pas de \u00ab passer \u00bb : il observe, contr\u00f4le et s\u2019assure que les acc\u00e8s, les installations et les zones sensibles ne pr\u00e9sentent aucune anomalie. Chaque site dispose de consignes pr\u00e9cises, connues de l\u2019agent, afin que chaque passage ait un r\u00e9el int\u00e9r\u00eat et r\u00e9ponde aux besoins concrets du client.<\/p>\n\n\n\n<p class=\"has-text-align-center animated zoomIn slow has-text-color has-montserrat-font-family\" style=\"color:#001211;font-size:clamp(14px, 0.875rem + ((1vw - 3.2px) * 0.114), 15px);font-style:normal;font-weight:100\">Lorsqu\u2019une alarme se d\u00e9clenche ou qu\u2019un \u00e9l\u00e9ment inhabituel est constat\u00e9, le rondier intervenant se rend sur place pour v\u00e9rifier la situation, lever le doute et s\u00e9curiser les lieux si n\u00e9cessaire.<\/p>\n\n\n\n<p class=\"has-text-align-center animated zoomIn slow has-text-color has-montserrat-font-family\" style=\"color:#001211;font-size:clamp(14px, 0.875rem + ((1vw - 3.2px) * 0.114), 15px);font-style:normal;font-weight:100\">Son intervention se fait toujours avec calme et discernement, dans le respect du cadre l\u00e9gal, en privil\u00e9giant la pr\u00e9vention et la transmission d\u2019informations claires. Si la situation l\u2019exige, les services comp\u00e9tents sont alert\u00e9s.<\/p>\n\n\n\n<div class=\"wp-block-group alignfull has-background has-global-padding is-layout-constrained wp-container-core-group-is-layout-c6313b7f wp-block-group-is-layout-constrained\" style=\"background-color:#f5ece4db;padding-top:5.01rem;padding-right:var(--wp--preset--spacing--40);padding-bottom:60px;padding-left:var(--wp--preset--spacing--40)\">\n<div class=\"wp-block-group has-global-padding is-layout-constrained wp-block-group-is-layout-constrained\">\n<figure class=\"wp-block-image size-large has-custom-border animated zoomIn slow\"><img loading=\"lazy\" decoding=\"async\" width=\"1536\" height=\"864\" src=\"https:\/\/neosud-securite.fr\/wp-content\/uploads\/2026\/02\/ChatGPT-Image-3-janv.-2026-12_06_58-edited.png\" alt=\"\" class=\"wp-image-1280\" style=\"border-top-left-radius:17px;border-top-right-radius:17px;border-bottom-left-radius:17px;border-bottom-right-radius:17px;box-shadow:12px 12px 50px rgba(0, 0, 0, 0.4);aspect-ratio:16\/9;object-fit:cover\" srcset=\"https:\/\/neosud-securite.fr\/wp-content\/uploads\/2026\/02\/ChatGPT-Image-3-janv.-2026-12_06_58-edited.png 1536w, https:\/\/neosud-securite.fr\/wp-content\/uploads\/2026\/02\/ChatGPT-Image-3-janv.-2026-12_06_58-edited-300x169.png 300w, https:\/\/neosud-securite.fr\/wp-content\/uploads\/2026\/02\/ChatGPT-Image-3-janv.-2026-12_06_58-edited-1024x576.png 1024w, https:\/\/neosud-securite.fr\/wp-content\/uploads\/2026\/02\/ChatGPT-Image-3-janv.-2026-12_06_58-edited-768x432.png 768w\" sizes=\"auto, (max-width: 1536px) 100vw, 1536px\" \/><\/figure>\n<\/div>\n\n\n\n<p class=\"has-text-align-center animated zoomIn slow has-text-color has-montserrat-font-family\" id=\"every-so-often-amid-the-routine-of-daily-life-love-presents-us-with-a-storybook-tale\" style=\"color:#001211;padding-right:30px;padding-left:30px;font-size:clamp(14px, 0.875rem + ((1vw - 3.2px) * 0.114), 15px);font-style:normal;font-weight:100\">Le service de rondier intervenant s\u2019adresse aussi bien aux entreprises, aux commerces, aux chantiers, aux immeubles et parkings, qu\u2019aux collectivit\u00e9s. C\u2019est une solution id\u00e9ale pour renforcer la s\u00e9curit\u00e9 d\u2019un site, sans imposer une pr\u00e9sence permanente, tout en conservant une capacit\u00e9 d\u2019intervention rapide et organis\u00e9e.<\/p>\n\n\n\n<p class=\"has-text-align-center animated zoomIn slow has-text-color has-montserrat-font-family\" id=\"every-so-often-amid-the-routine-of-daily-life-love-presents-us-with-a-storybook-tale\" style=\"color:#001211;padding-right:30px;padding-left:30px;font-size:clamp(14px, 0.875rem + ((1vw - 3.2px) * 0.114), 15px);font-style:normal;font-weight:100\">Chez N\u00e9o Sud S\u00e9curit\u00e9, chaque prestation est suivie. Les interventions font l\u2019objet de comptes rendus clairs, permettant au client de savoir ce qui a \u00e9t\u00e9 constat\u00e9 et effectu\u00e9. Notre objectif est simple : assurer une surveillance efficace, rassurante et coh\u00e9rente, bas\u00e9e sur la confiance, la communication et la connaissance r\u00e9elle du terrain.<\/p>\n<\/div>\n<\/div>\n","protected":false},"excerpt":{"rendered":"<p>Le service de rondier intervenant s\u2019adresse aussi bien aux entreprises, aux commerces, aux chantiers, aux immeubles et parkings, qu\u2019aux collectivit\u00e9s. C\u2019est une solution id\u00e9ale pour renforcer la s\u00e9curit\u00e9 d\u2019un site, sans imposer une pr\u00e9sence permanente, tout en conservant une capacit\u00e9 d\u2019intervention rapide et organis\u00e9e.Chez N\u00e9o Sud S\u00e9curit\u00e9, chaque prestation est suivie. Les interventions font l\u2019objet [&hellip;]<\/p>\n","protected":false},"author":1,"featured_media":0,"parent":0,"menu_order":0,"comment_status":"closed","ping_status":"closed","template":"","meta":{"_themeisle_gutenberg_block_has_review":false,"footnotes":""},"class_list":["post-100","page","type-page","status-publish","hentry"],"pbg_featured_image_src":{"full":false,"thumbnail":false,"medium":false,"medium_large":false,"large":false,"1536x1536":false,"2048x2048":false},"pbg_author_info":{"display_name":"Na\u00efs","author_link":"https:\/\/neosud-securite.fr\/?author=1","author_img":"<img alt='Na\u00efs' src='https:\/\/secure.gravatar.com\/avatar\/8301fb24955bd9385faff89fcac2872a4f49296e2933e12fdf7f85052f51cc1a?s=128&#038;d=mm&#038;r=g' srcset='https:\/\/secure.gravatar.com\/avatar\/8301fb24955bd9385faff89fcac2872a4f49296e2933e12fdf7f85052f51cc1a?s=256&#038;d=mm&#038;r=g 2x' class='avatar avatar-128 photo' height='128' width='128' loading='lazy' decoding='async'\/>"},"pbg_comment_info":" No Comments","pbg_excerpt":"Le service de rondier intervenant s\u2019adresse aussi bien aux entreprises, aux commerces, aux chantiers, aux immeubles et parkings, qu\u2019aux collectivit\u00e9s. C\u2019est une solution id\u00e9ale pour renforcer la s\u00e9curit\u00e9 d\u2019un site, sans imposer une pr\u00e9sence permanente, tout en conservant une capacit\u00e9 d\u2019intervention rapide et organis\u00e9e.Chez N\u00e9o Sud S\u00e9curit\u00e9, chaque prestation est suivie. Les interventions font l\u2019objet\u2026","_links":{"self":[{"href":"https:\/\/neosud-securite.fr\/index.php?rest_route=\/wp\/v2\/pages\/100","targetHints":{"allow":["GET"]}}],"collection":[{"href":"https:\/\/neosud-securite.fr\/index.php?rest_route=\/wp\/v2\/pages"}],"about":[{"href":"https:\/\/neosud-securite.fr\/index.php?rest_route=\/wp\/v2\/types\/page"}],"author":[{"embeddable":true,"href":"https:\/\/neosud-securite.fr\/index.php?rest_route=\/wp\/v2\/users\/1"}],"replies":[{"embeddable":true,"href":"https:\/\/neosud-securite.fr\/index.php?rest_route=%2Fwp%2Fv2%2Fcomments&post=100"}],"version-history":[{"count":37,"href":"https:\/\/neosud-securite.fr\/index.php?rest_route=\/wp\/v2\/pages\/100\/revisions"}],"predecessor-version":[{"id":1291,"href":"https:\/\/neosud-securite.fr\/index.php?rest_route=\/wp\/v2\/pages\/100\/revisions\/1291"}],"wp:attachment":[{"href":"https:\/\/neosud-securite.fr\/index.php?rest_route=%2Fwp%2Fv2%2Fmedia&parent=100"}],"curies":[{"name":"wp","href":"https:\/\/api.w.org\/{rel}","templated":true}]}}